{"id":1871,"date":"2021-02-05T20:50:37","date_gmt":"2021-02-05T18:50:37","guid":{"rendered":"https:\/\/cubettidesign.com\/unsere-produkte\/"},"modified":"2021-07-07T09:32:13","modified_gmt":"2021-07-07T07:32:13","slug":"unsere-produkte","status":"publish","type":"page","link":"https:\/\/cubettidesign.com\/de\/unsere-produkte\/","title":{"rendered":"Unsere Produkte"},"content":{"rendered":"<p>[et_pb_section fb_built=&#8220;1&#8243; admin_label=&#8220;Hero Section&#8220; _builder_version=&#8220;4.6.5&#8243; background_enable_image=&#8220;off&#8220; max_height=&#8220;100%&#8220; custom_padding=&#8220;0|0px|0px|0px&#8220;][et_pb_row _builder_version=&#8220;4.6.5&#8243; background_image=&#8220;https:\/\/cubettidesign.com\/wp-content\/uploads\/2020\/05\/Header2-1.png&#8220; width=&#8220;100%&#8220; max_width=&#8220;100%&#8220; max_height=&#8220;80%&#8220; custom_padding=&#8220;||76px|||&#8220;][et_pb_column type=&#8220;4_4&#8243; _builder_version=&#8220;4.4.4&#8243;][et_pb_divider show_divider=&#8220;off&#8220; _builder_version=&#8220;4.6.5&#8243; custom_margin=&#8220;50px||10px||false|false&#8220;][\/et_pb_divider][\/et_pb_column][\/et_pb_row][\/et_pb_section][et_pb_section fb_built=&#8220;1&#8243; admin_label=&#8220;Welcome &#038; About Us&#8220; _builder_version=&#8220;4.4.4&#8243; background_color=&#8220;#ffffff&#8220; custom_padding=&#8220;6.3%|0px|0%|0px||&#8220;][et_pb_row _builder_version=&#8220;4.4.4&#8243; custom_padding=&#8220;||23px|||&#8220; animation_style=&#8220;fade&#8220;][et_pb_column type=&#8220;4_4&#8243; _builder_version=&#8220;3.25&#8243; custom_padding=&#8220;|||&#8220; custom_padding__hover=&#8220;|||&#8220;][et_pb_text _builder_version=&#8220;4.6.5&#8243; text_font=&#8220;Zilla Slab||||||||&#8220; text_text_color=&#8220;#433635&#8243; text_font_size=&#8220;18px&#8220; text_line_height=&#8220;1.8em&#8220; header_font=&#8220;Zilla Slab|300|||||||&#8220; header_text_color=&#8220;#768828&#8243; header_font_size=&#8220;35px&#8220; header_2_font=&#8220;Zilla Slab|300|||||||&#8220; header_2_text_color=&#8220;#768828&#8243; header_2_font_size=&#8220;35px&#8220; width=&#8220;60%&#8220; width_tablet=&#8220;&#8220; width_phone=&#8220;90%&#8220; width_last_edited=&#8220;on|phone&#8220; module_alignment=&#8220;center&#8220; custom_margin=&#8220;||73px||false|false&#8220;]<\/p>\n<h1 style=\"text-align: center;\">Unsere Produkte<\/h1>\n<p>&nbsp;<\/p>\n<p style=\"text-align: left;\">Endecken Sie die Produkte von Cubetti. Jedes St\u00fcck Holz ist ein kleines Wunder f\u00fcr sich. Wir bieten 27 Produkte: 4 verschiedene Formen und 10 Naturt\u00f6ne an.<\/p>\n<p style=\"text-align: left;\">Unsere Produkte bestehen aus massivem Restholz und sind mit umweltfreundlichem \u00d6lwachs versehen. Nach Lieferung sind die Produkte einbaufertig. Es ist keine zus\u00e4tzliche Behandlung erforderlich.<\/p>\n<p>[\/et_pb_text][et_pb_button button_url=&#8220;https:\/\/cubettidesign.com\/de\/kontakt\/&#8220; button_text=&#8220;KONTAKTIEREN SIE UNS F\u00dcR PERS\u00d6NLICHE BERATUNG&#8220; button_alignment=&#8220;center&#8220; _builder_version=&#8220;4.8.2&#8243; custom_button=&#8220;on&#8220; button_text_size=&#8220;20px&#8220; button_text_color=&#8220;#ffffff&#8220; button_bg_color=&#8220;#768828&#8243; button_border_width=&#8220;4px&#8220; button_border_color=&#8220;#768828&#8243; button_border_radius=&#8220;0px&#8220; button_font=&#8220;Barlow Condensed|300||on|||||&#8220; button_use_icon=&#8220;off&#8220; background_layout=&#8220;dark&#8220; custom_margin=&#8220;-8px|||||&#8220;][\/et_pb_button][\/et_pb_column][\/et_pb_row][\/et_pb_section][et_pb_section fb_built=&#8220;1&#8243; admin_label=&#8220;Producten&#8220; _builder_version=&#8220;3.22&#8243; custom_padding=&#8220;55px|0px|100px|0px||&#8220;][et_pb_row use_custom_gutter=&#8220;on&#8220; admin_label=&#8220;Produkte&#8220; _builder_version=&#8220;4.4.4&#8243;][et_pb_column type=&#8220;4_4&#8243; _builder_version=&#8220;3.25&#8243; custom_padding=&#8220;|||&#8220; custom_padding__hover=&#8220;|||&#8220;][et_pb_shop type=&#8220;product_category&#8220; posts_number=&#8220;27&#8243; include_categories=&#8220;all&#8220; columns_number=&#8220;3&#8243; icon_hover_color=&#8220;#ffffff&#8220; hover_overlay_color=&#8220;rgba(118,136,40,0.63)&#8220; hover_icon=&#8220;%%53%%&#8220; _builder_version=&#8220;4.9.4&#8243; title_font=&#8220;Zilla Slab|300|||||||&#8220; title_text_align=&#8220;center&#8220; title_text_color=&#8220;#433635&#8243; title_font_size=&#8220;25px&#8220; text_orientation=&#8220;center&#8220; hover_enabled=&#8220;0&#8243; sticky_enabled=&#8220;0&#8243;][\/et_pb_shop][\/et_pb_column][\/et_pb_row][\/et_pb_section][et_pb_section fb_built=&#8220;1&#8243; disabled_on=&#8220;off|off|off&#8220; admin_label=&#8220;Advice Section&#8220; _builder_version=&#8220;4.4.4&#8243; custom_padding=&#8220;22px|0px|100px|0px||&#8220;][et_pb_row admin_label=&#8220;Abschnitts\u00fcberschriftenzeile&#8220; _builder_version=&#8220;3.25&#8243;][et_pb_column type=&#8220;4_4&#8243; _builder_version=&#8220;3.25&#8243; custom_padding=&#8220;|||&#8220; custom_padding__hover=&#8220;|||&#8220;][et_pb_text admin_label=&#8220;Tekst&#8220; _builder_version=&#8220;4.6.5&#8243; text_font=&#8220;Zilla Slab||||||||&#8220; text_text_color=&#8220;#433635&#8243; text_font_size=&#8220;18px&#8220; text_line_height=&#8220;1.8em&#8220; header_font=&#8220;Zilla Slab|300|||||||&#8220; header_text_color=&#8220;#768828&#8243; header_font_size=&#8220;35px&#8220; header_2_font=&#8220;Zilla Slab|300|||||||&#8220; header_2_text_color=&#8220;#768828&#8243; header_2_font_size=&#8220;35px&#8220; width=&#8220;60%&#8220; width_tablet=&#8220;&#8220; width_phone=&#8220;90%&#8220; width_last_edited=&#8220;on|phone&#8220; module_alignment=&#8220;center&#8220; custom_margin=&#8220;||||false|false&#8220;]<\/p>\n<h1 style=\"text-align: center\">Super einfach zu installieren<\/h1>\n<p>[\/et_pb_text][\/et_pb_column][\/et_pb_row][et_pb_row column_structure=&#8220;1_2,1_2&#8243; _builder_version=&#8220;4.4.7&#8243;][et_pb_column type=&#8220;1_2&#8243; _builder_version=&#8220;4.4.4&#8243;][et_pb_text admin_label=&#8220;Tekst&#8220; _builder_version=&#8220;4.6.5&#8243; text_font=&#8220;Zilla Slab||||||||&#8220; text_text_color=&#8220;#433635&#8243; text_font_size=&#8220;18px&#8220; text_line_height=&#8220;1.8em&#8220; header_font=&#8220;Zilla Slab|300|||||||&#8220; header_text_color=&#8220;#768828&#8243; header_font_size=&#8220;35px&#8220; width_tablet=&#8220;&#8220; width_phone=&#8220;90%&#8220; width_last_edited=&#8220;on|phone&#8220; module_alignment=&#8220;center&#8220; custom_margin=&#8220;||||false|false&#8220;]<\/p>\n<p>Die Wanddekoration von Cubetti ist je nach Produkttyp in Paneelen mit den Ma\u00dfen 270 x 540 mm oder 158 x 440 mm erh\u00e4ltlich. Dadurch ist es m\u00f6glich, gro\u00dfe Wandfl\u00e4chen schnell zu bedecken. Die Paneele sind auf der R\u00fcckseite mit Glasfasernetzen versehen, wodurch sie leicht auf einen Untergrund geklebt werden k\u00f6nnen. Dank der Mosaike fallen die Paneele sch\u00f6n in ein St\u00fcck und die R\u00e4nder zwischen den Paneelen sind nach korrekter Installation unsichtbar. Die Paneele sind pro Box erh\u00e4ltlich und perfekt anpassbar, da die Moza\u00efkst\u00fccke auf einen Netzr\u00fccken geklebt sind. Dadurch k\u00f6nnen sie mit einem Universalmesser leicht voneinander gel\u00f6st werden. Weitere technische Informationen finden Sie in unserem Installationshandbuch.<\/p>\n<p>[\/et_pb_text][\/et_pb_column][et_pb_column type=&#8220;1_2&#8243; _builder_version=&#8220;4.4.4&#8243;][et_pb_image src=&#8220;https:\/\/cubettidesign.com\/wp-content\/uploads\/2020\/06\/Backing.png&#8220; title_text=&#8220;Glasfasernetz&#8220; align=&#8220;right&#8220; _builder_version=&#8220;4.4.7&#8243; custom_margin=&#8220;57px||||false|false&#8220;][\/et_pb_image][\/et_pb_column][\/et_pb_row][et_pb_row column_structure=&#8220;1_4,1_4,1_4,1_4&#8243; _builder_version=&#8220;4.4.4&#8243;][et_pb_column type=&#8220;1_4&#8243; _builder_version=&#8220;4.4.4&#8243;][et_pb_image src=&#8220;https:\/\/cubettidesign.com\/wp-content\/uploads\/2020\/05\/WIP1.png&#8220; title_text=&#8220;WIP1&#8243; align=&#8220;center&#8220; _builder_version=&#8220;4.6.5&#8243;][\/et_pb_image][\/et_pb_column][et_pb_column type=&#8220;1_4&#8243; _builder_version=&#8220;4.4.4&#8243;][et_pb_image src=&#8220;https:\/\/cubettidesign.com\/wp-content\/uploads\/2020\/05\/WIP2.png&#8220; title_text=&#8220;WIP2&#8243; align=&#8220;center&#8220; _builder_version=&#8220;4.4.4&#8243;][\/et_pb_image][\/et_pb_column][et_pb_column type=&#8220;1_4&#8243; _builder_version=&#8220;4.4.4&#8243;][et_pb_image src=&#8220;https:\/\/cubettidesign.com\/wp-content\/uploads\/2020\/05\/WIP3.png&#8220; title_text=&#8220;WIP3&#8243; align=&#8220;center&#8220; _builder_version=&#8220;4.4.4&#8243;][\/et_pb_image][\/et_pb_column][et_pb_column type=&#8220;1_4&#8243; _builder_version=&#8220;4.4.4&#8243;][et_pb_image src=&#8220;https:\/\/cubettidesign.com\/wp-content\/uploads\/2020\/05\/WIP4.png&#8220; title_text=&#8220;WIP4&#8243; align=&#8220;center&#8220; admin_label=&#8220;Afbeelding&#8220; _builder_version=&#8220;4.4.4&#8243;][\/et_pb_image][\/et_pb_column][\/et_pb_row][\/et_pb_section][et_pb_section fb_built=&#8220;1&#8243; _builder_version=&#8220;4.4.7&#8243; custom_padding=&#8220;1px||0px|||&#8220; border_width_top=&#8220;1px&#8220; border_color_top=&#8220;rgba(118,136,40,0.45)&#8220; saved_tabs=&#8220;all&#8220;][et_pb_row column_structure=&#8220;1_5,1_5,1_5,1_5,1_5&#8243; disabled_on=&#8220;on|off|off&#8220; _builder_version=&#8220;4.4.7&#8243; width_tablet=&#8220;&#8220; width_phone=&#8220;auto&#8220; width_last_edited=&#8220;on|phone&#8220; max_width_tablet=&#8220;&#8220; max_width_phone=&#8220;&#8220; max_width_last_edited=&#8220;on|phone&#8220; custom_padding=&#8220;21px||2px||false|false&#8220; border_color_top=&#8220;rgba(118,136,40,0.7)&#8220;][et_pb_column type=&#8220;1_5&#8243; _builder_version=&#8220;4.4.4&#8243;][et_pb_text _builder_version=&#8220;4.4.7&#8243; text_font=&#8220;Barlow|300|||||||&#8220; text_text_color=&#8220;#000000&#8243; text_font_size=&#8220;13px&#8220; width=&#8220;75%&#8220; module_alignment=&#8220;right&#8220;]<\/p>\n<p style=\"text-align: right\">Facebook<\/p>\n<p>[\/et_pb_text][\/et_pb_column][et_pb_column type=&#8220;1_5&#8243; _builder_version=&#8220;4.4.4&#8243;][et_pb_text _builder_version=&#8220;4.4.7&#8243; text_font=&#8220;Barlow|300|||||||&#8220; text_text_color=&#8220;#000000&#8243; text_font_size=&#8220;13px&#8220; width=&#8220;75%&#8220;]<\/p>\n<p style=\"text-align: center\">Instagram<\/p>\n<p>[\/et_pb_text][\/et_pb_column][et_pb_column type=&#8220;1_5&#8243; _builder_version=&#8220;4.4.4&#8243;][\/et_pb_column][et_pb_column type=&#8220;1_5&#8243; _builder_version=&#8220;4.4.4&#8243;][et_pb_text _builder_version=&#8220;4.4.7&#8243; text_font=&#8220;Barlow|300|||||||&#8220; text_text_color=&#8220;#000000&#8243; text_font_size=&#8220;13px&#8220; width=&#8220;100%&#8220;]<\/p>\n<p style=\"text-align: right\"><span style=\"color: #000000\"><a href=\"https:\/\/cubettidesign.com\/wp-content\/uploads\/2020\/06\/Algemene-voorwaarden-CUBETTI.pdf\" target=\"_blank\" rel=\"noopener noreferrer\" style=\"color: #000000\">Algemeine Gesch\u00e4ftsbedingungen<\/a><\/span><\/p>\n<p>[\/et_pb_text][\/et_pb_column][et_pb_column type=&#8220;1_5&#8243; _builder_version=&#8220;4.4.4&#8243;][et_pb_text _builder_version=&#8220;4.4.7&#8243; text_font=&#8220;Barlow|300|||||||&#8220; text_text_color=&#8220;#000000&#8243; text_font_size=&#8220;13px&#8220; module_alignment=&#8220;left&#8220;]<\/p>\n<p style=\"text-align: center\"><span style=\"color: #000000\"><a href=\"https:\/\/cubettidesign.com\/wp-content\/uploads\/2020\/06\/CUBETTI-Privacy-Verklaring.pdf\" style=\"color: #000000\" target=\"_blank\" rel=\"noopener noreferrer\">Datenschutz-Erkl\u00e4rung<\/a><\/span><\/p>\n<p>[\/et_pb_text][\/et_pb_column][\/et_pb_row][et_pb_row column_structure=&#8220;1_2,1_2&#8243; make_equal=&#8220;on&#8220; disabled_on=&#8220;off|on|on&#8220; _builder_version=&#8220;4.4.7&#8243; width_tablet=&#8220;&#8220; width_phone=&#8220;auto&#8220; width_last_edited=&#8220;on|phone&#8220; max_width_tablet=&#8220;&#8220; max_width_phone=&#8220;&#8220; max_width_last_edited=&#8220;on|phone&#8220; custom_padding=&#8220;21px||2px||false|false&#8220; border_color_top=&#8220;rgba(118,136,40,0.7)&#8220;][et_pb_column type=&#8220;1_2&#8243; _builder_version=&#8220;4.4.7&#8243;][et_pb_text _builder_version=&#8220;4.4.7&#8243; text_font=&#8220;Barlow|300|||||||&#8220; text_text_color=&#8220;#000000&#8243; text_font_size=&#8220;13px&#8220; module_alignment=&#8220;center&#8220;]<\/p>\n<p style=\"text-align: center\"><span style=\"color: #000000\"><a href=\"https:\/\/www.facebook.com\/Cubetti-Design-100736288325750\/\" style=\"color: #000000\" target=\"_blank\" rel=\"noopener noreferrer\">Facebook<\/a><\/span><\/p>\n<p>[\/et_pb_text][\/et_pb_column][et_pb_column type=&#8220;1_2&#8243; _builder_version=&#8220;4.4.4&#8243;][et_pb_text _builder_version=&#8220;4.4.7&#8243; text_font=&#8220;Barlow|300|||||||&#8220; text_text_color=&#8220;#000000&#8243; text_font_size=&#8220;13px&#8220;]<\/p>\n<p style=\"text-align: center\">Instagram<\/p>\n<p>[\/et_pb_text][et_pb_text _builder_version=&#8220;4.4.7&#8243; text_font=&#8220;Barlow|300|||||||&#8220; text_text_color=&#8220;#000000&#8243; text_font_size=&#8220;13px&#8220; module_alignment=&#8220;center&#8220;]<\/p>\n<p style=\"text-align: center\"><span style=\"color: #000000\"><a href=\"https:\/\/cubettidesign.com\/wp-content\/uploads\/2020\/06\/Algemene-voorwaarden-CUBETTI.pdf\" style=\"color: #000000\" target=\"_blank\" rel=\"noopener noreferrer\">Algemeine Gesch\u00e4ftsbedingungen<\/a><\/span><\/p>\n<p>[\/et_pb_text][et_pb_text _builder_version=&#8220;4.4.7&#8243; text_font=&#8220;Barlow|300|||||||&#8220; text_text_color=&#8220;#000000&#8243; text_font_size=&#8220;13px&#8220; module_alignment=&#8220;left&#8220;]<\/p>\n<p style=\"text-align: center\"><span style=\"color: #000000\"><a href=\"https:\/\/cubettidesign.com\/wp-content\/uploads\/2020\/06\/CUBETTI-Privacy-Verklaring.pdf\" style=\"color: #000000\" target=\"_blank\" rel=\"noopener noreferrer\">Datenschutz-Erkl\u00e4rung<\/a><\/span><\/p>\n<p>[\/et_pb_text][\/et_pb_column][\/et_pb_row][\/et_pb_section]<\/p>\n","protected":false},"excerpt":{"rendered":"<p>Unsere Produkte &nbsp; Endecken Sie die Produkte von Cubetti. Jedes St\u00fcck Holz ist ein kleines Wunder f\u00fcr sich. Wir bieten 27 Produkte: 4 verschiedene Formen und 10 Naturt\u00f6ne an. Unsere Produkte bestehen aus massivem Restholz und sind mit umweltfreundlichem \u00d6lwachs versehen. Nach Lieferung sind die Produkte einbaufertig. Es ist keine zus\u00e4tzliche Behandlung erforderlich.Super einfach zu [&hellip;]<\/p>\n","protected":false},"author":2,"featured_media":1879,"parent":0,"menu_order":0,"comment_status":"closed","ping_status":"closed","template":"","meta":{"_et_pb_use_builder":"on","_et_pb_old_content":"","_et_gb_content_width":"","_monsterinsights_skip_tracking":false,"_monsterinsights_sitenote_active":false,"_monsterinsights_sitenote_note":"","_monsterinsights_sitenote_category":0,"_joinchat":[],"footnotes":""},"class_list":["post-1871","page","type-page","status-publish","has-post-thumbnail","hentry"],"yoast_head":"<!-- This site is optimized with the Yoast SEO plugin v27.4 - https:\/\/yoast.com\/product\/yoast-seo-wordpress\/ -->\n<title>Unsere Produkte | Wandverkleidung aus Holz | Cubetti Design<\/title>\n<meta name=\"description\" content=\"Entdecken Sie Cubetti&#039;s Wandverkleiding aus Holz: Wir bieten 19 Produkte, 4 verschiedene Formen und 10 Naturt\u00f6ne an. Was ist Ihre Lieblings?\" \/>\n<meta name=\"robots\" content=\"index, follow, max-snippet:-1, max-image-preview:large, max-video-preview:-1\" \/>\n<link rel=\"canonical\" href=\"https:\/\/cubettidesign.com\/de\/unsere-produkte\/\" \/>\n<meta property=\"og:locale\" content=\"de_DE\" \/>\n<meta property=\"og:type\" content=\"article\" \/>\n<meta property=\"og:title\" content=\"Unsere Produkte | Wandverkleidung aus Holz | Cubetti Design\" \/>\n<meta property=\"og:description\" content=\"Entdecken Sie Cubetti&#039;s Wandverkleiding aus Holz: Wir bieten 19 Produkte, 4 verschiedene Formen und 10 Naturt\u00f6ne an. Was ist Ihre Lieblings?\" \/>\n<meta property=\"og:url\" content=\"https:\/\/cubettidesign.com\/de\/unsere-produkte\/\" \/>\n<meta property=\"og:site_name\" content=\"Cubetti Design\" \/>\n<meta property=\"article:publisher\" content=\"https:\/\/www.facebook.com\/cubetti.design\" \/>\n<meta property=\"article:modified_time\" content=\"2021-07-07T07:32:13+00:00\" \/>\n<meta property=\"og:image\" content=\"https:\/\/cubettidesign.com\/wp-content\/uploads\/2020\/05\/Pure2.png\" \/>\n\t<meta property=\"og:image:width\" content=\"500\" \/>\n\t<meta property=\"og:image:height\" content=\"500\" \/>\n\t<meta property=\"og:image:type\" content=\"image\/png\" \/>\n<meta name=\"twitter:card\" content=\"summary_large_image\" \/>\n<meta name=\"twitter:label1\" content=\"Gesch\u00e4tzte Lesezeit\" \/>\n\t<meta name=\"twitter:data1\" content=\"6\u00a0Minuten\" \/>\n<script type=\"application\/ld+json\" class=\"yoast-schema-graph\">{\"@context\":\"https:\\\/\\\/schema.org\",\"@graph\":[{\"@type\":\"WebPage\",\"@id\":\"https:\\\/\\\/cubettidesign.com\\\/de\\\/unsere-produkte\\\/\",\"url\":\"https:\\\/\\\/cubettidesign.com\\\/de\\\/unsere-produkte\\\/\",\"name\":\"Unsere Produkte | Wandverkleidung aus Holz | Cubetti Design\",\"isPartOf\":{\"@id\":\"https:\\\/\\\/cubettidesign.com\\\/#website\"},\"primaryImageOfPage\":{\"@id\":\"https:\\\/\\\/cubettidesign.com\\\/de\\\/unsere-produkte\\\/#primaryimage\"},\"image\":{\"@id\":\"https:\\\/\\\/cubettidesign.com\\\/de\\\/unsere-produkte\\\/#primaryimage\"},\"thumbnailUrl\":\"https:\\\/\\\/cubettidesign.com\\\/wp-content\\\/uploads\\\/2020\\\/05\\\/Pure2.png\",\"datePublished\":\"2021-02-05T18:50:37+00:00\",\"dateModified\":\"2021-07-07T07:32:13+00:00\",\"description\":\"Entdecken Sie Cubetti's Wandverkleiding aus Holz: Wir bieten 19 Produkte, 4 verschiedene Formen und 10 Naturt\u00f6ne an. Was ist Ihre Lieblings?\",\"breadcrumb\":{\"@id\":\"https:\\\/\\\/cubettidesign.com\\\/de\\\/unsere-produkte\\\/#breadcrumb\"},\"inLanguage\":\"de\",\"potentialAction\":[{\"@type\":\"ReadAction\",\"target\":[\"https:\\\/\\\/cubettidesign.com\\\/de\\\/unsere-produkte\\\/\"]}]},{\"@type\":\"ImageObject\",\"inLanguage\":\"de\",\"@id\":\"https:\\\/\\\/cubettidesign.com\\\/de\\\/unsere-produkte\\\/#primaryimage\",\"url\":\"https:\\\/\\\/cubettidesign.com\\\/wp-content\\\/uploads\\\/2020\\\/05\\\/Pure2.png\",\"contentUrl\":\"https:\\\/\\\/cubettidesign.com\\\/wp-content\\\/uploads\\\/2020\\\/05\\\/Pure2.png\",\"width\":500,\"height\":500,\"caption\":\"Cubetti Design | Wandverkleidung aus Holz | Pure\"},{\"@type\":\"BreadcrumbList\",\"@id\":\"https:\\\/\\\/cubettidesign.com\\\/de\\\/unsere-produkte\\\/#breadcrumb\",\"itemListElement\":[{\"@type\":\"ListItem\",\"position\":1,\"name\":\"Home\",\"item\":\"https:\\\/\\\/cubettidesign.com\\\/de\\\/\"},{\"@type\":\"ListItem\",\"position\":2,\"name\":\"Unsere Produkte\"}]},{\"@type\":\"WebSite\",\"@id\":\"https:\\\/\\\/cubettidesign.com\\\/#website\",\"url\":\"https:\\\/\\\/cubettidesign.com\\\/\",\"name\":\"Cubetti Design\",\"description\":\"We want people to admire nature again\",\"publisher\":{\"@id\":\"https:\\\/\\\/cubettidesign.com\\\/#organization\"},\"potentialAction\":[{\"@type\":\"SearchAction\",\"target\":{\"@type\":\"EntryPoint\",\"urlTemplate\":\"https:\\\/\\\/cubettidesign.com\\\/?s={search_term_string}\"},\"query-input\":{\"@type\":\"PropertyValueSpecification\",\"valueRequired\":true,\"valueName\":\"search_term_string\"}}],\"inLanguage\":\"de\"},{\"@type\":\"Organization\",\"@id\":\"https:\\\/\\\/cubettidesign.com\\\/#organization\",\"name\":\"Cubetti\",\"url\":\"https:\\\/\\\/cubettidesign.com\\\/\",\"logo\":{\"@type\":\"ImageObject\",\"inLanguage\":\"de\",\"@id\":\"https:\\\/\\\/cubettidesign.com\\\/#\\\/schema\\\/logo\\\/image\\\/\",\"url\":\"https:\\\/\\\/cubettidesign.com\\\/wp-content\\\/uploads\\\/2020\\\/05\\\/cropped-Cubetti_vignet_diap_RGB.jpg\",\"contentUrl\":\"https:\\\/\\\/cubettidesign.com\\\/wp-content\\\/uploads\\\/2020\\\/05\\\/cropped-Cubetti_vignet_diap_RGB.jpg\",\"width\":512,\"height\":512,\"caption\":\"Cubetti\"},\"image\":{\"@id\":\"https:\\\/\\\/cubettidesign.com\\\/#\\\/schema\\\/logo\\\/image\\\/\"},\"sameAs\":[\"https:\\\/\\\/www.facebook.com\\\/cubetti.design\",\"https:\\\/\\\/www.linkedin.com\\\/company\\\/cubetti\\\/\",\"https:\\\/\\\/nl.pinterest.com\\\/CubettiDesign\"]}]}<\/script>\n<!-- \/ Yoast SEO plugin. -->","yoast_head_json":{"title":"Unsere Produkte | Wandverkleidung aus Holz | Cubetti Design","description":"Entdecken Sie Cubetti's Wandverkleiding aus Holz: Wir bieten 19 Produkte, 4 verschiedene Formen und 10 Naturt\u00f6ne an. Was ist Ihre Lieblings?","robots":{"index":"index","follow":"follow","max-snippet":"max-snippet:-1","max-image-preview":"max-image-preview:large","max-video-preview":"max-video-preview:-1"},"canonical":"https:\/\/cubettidesign.com\/de\/unsere-produkte\/","og_locale":"de_DE","og_type":"article","og_title":"Unsere Produkte | Wandverkleidung aus Holz | Cubetti Design","og_description":"Entdecken Sie Cubetti's Wandverkleiding aus Holz: Wir bieten 19 Produkte, 4 verschiedene Formen und 10 Naturt\u00f6ne an. Was ist Ihre Lieblings?","og_url":"https:\/\/cubettidesign.com\/de\/unsere-produkte\/","og_site_name":"Cubetti Design","article_publisher":"https:\/\/www.facebook.com\/cubetti.design","article_modified_time":"2021-07-07T07:32:13+00:00","og_image":[{"width":500,"height":500,"url":"https:\/\/cubettidesign.com\/wp-content\/uploads\/2020\/05\/Pure2.png","type":"image\/png"}],"twitter_card":"summary_large_image","twitter_misc":{"Gesch\u00e4tzte Lesezeit":"6\u00a0Minuten"},"schema":{"@context":"https:\/\/schema.org","@graph":[{"@type":"WebPage","@id":"https:\/\/cubettidesign.com\/de\/unsere-produkte\/","url":"https:\/\/cubettidesign.com\/de\/unsere-produkte\/","name":"Unsere Produkte | Wandverkleidung aus Holz | Cubetti Design","isPartOf":{"@id":"https:\/\/cubettidesign.com\/#website"},"primaryImageOfPage":{"@id":"https:\/\/cubettidesign.com\/de\/unsere-produkte\/#primaryimage"},"image":{"@id":"https:\/\/cubettidesign.com\/de\/unsere-produkte\/#primaryimage"},"thumbnailUrl":"https:\/\/cubettidesign.com\/wp-content\/uploads\/2020\/05\/Pure2.png","datePublished":"2021-02-05T18:50:37+00:00","dateModified":"2021-07-07T07:32:13+00:00","description":"Entdecken Sie Cubetti's Wandverkleiding aus Holz: Wir bieten 19 Produkte, 4 verschiedene Formen und 10 Naturt\u00f6ne an. Was ist Ihre Lieblings?","breadcrumb":{"@id":"https:\/\/cubettidesign.com\/de\/unsere-produkte\/#breadcrumb"},"inLanguage":"de","potentialAction":[{"@type":"ReadAction","target":["https:\/\/cubettidesign.com\/de\/unsere-produkte\/"]}]},{"@type":"ImageObject","inLanguage":"de","@id":"https:\/\/cubettidesign.com\/de\/unsere-produkte\/#primaryimage","url":"https:\/\/cubettidesign.com\/wp-content\/uploads\/2020\/05\/Pure2.png","contentUrl":"https:\/\/cubettidesign.com\/wp-content\/uploads\/2020\/05\/Pure2.png","width":500,"height":500,"caption":"Cubetti Design | Wandverkleidung aus Holz | Pure"},{"@type":"BreadcrumbList","@id":"https:\/\/cubettidesign.com\/de\/unsere-produkte\/#breadcrumb","itemListElement":[{"@type":"ListItem","position":1,"name":"Home","item":"https:\/\/cubettidesign.com\/de\/"},{"@type":"ListItem","position":2,"name":"Unsere Produkte"}]},{"@type":"WebSite","@id":"https:\/\/cubettidesign.com\/#website","url":"https:\/\/cubettidesign.com\/","name":"Cubetti Design","description":"We want people to admire nature again","publisher":{"@id":"https:\/\/cubettidesign.com\/#organization"},"potentialAction":[{"@type":"SearchAction","target":{"@type":"EntryPoint","urlTemplate":"https:\/\/cubettidesign.com\/?s={search_term_string}"},"query-input":{"@type":"PropertyValueSpecification","valueRequired":true,"valueName":"search_term_string"}}],"inLanguage":"de"},{"@type":"Organization","@id":"https:\/\/cubettidesign.com\/#organization","name":"Cubetti","url":"https:\/\/cubettidesign.com\/","logo":{"@type":"ImageObject","inLanguage":"de","@id":"https:\/\/cubettidesign.com\/#\/schema\/logo\/image\/","url":"https:\/\/cubettidesign.com\/wp-content\/uploads\/2020\/05\/cropped-Cubetti_vignet_diap_RGB.jpg","contentUrl":"https:\/\/cubettidesign.com\/wp-content\/uploads\/2020\/05\/cropped-Cubetti_vignet_diap_RGB.jpg","width":512,"height":512,"caption":"Cubetti"},"image":{"@id":"https:\/\/cubettidesign.com\/#\/schema\/logo\/image\/"},"sameAs":["https:\/\/www.facebook.com\/cubetti.design","https:\/\/www.linkedin.com\/company\/cubetti\/","https:\/\/nl.pinterest.com\/CubettiDesign"]}]}},"_links":{"self":[{"href":"https:\/\/cubettidesign.com\/de\/wp-json\/wp\/v2\/pages\/1871","targetHints":{"allow":["GET"]}}],"collection":[{"href":"https:\/\/cubettidesign.com\/de\/wp-json\/wp\/v2\/pages"}],"about":[{"href":"https:\/\/cubettidesign.com\/de\/wp-json\/wp\/v2\/types\/page"}],"author":[{"embeddable":true,"href":"https:\/\/cubettidesign.com\/de\/wp-json\/wp\/v2\/users\/2"}],"replies":[{"embeddable":true,"href":"https:\/\/cubettidesign.com\/de\/wp-json\/wp\/v2\/comments?post=1871"}],"version-history":[{"count":17,"href":"https:\/\/cubettidesign.com\/de\/wp-json\/wp\/v2\/pages\/1871\/revisions"}],"predecessor-version":[{"id":2607,"href":"https:\/\/cubettidesign.com\/de\/wp-json\/wp\/v2\/pages\/1871\/revisions\/2607"}],"wp:featuredmedia":[{"embeddable":true,"href":"https:\/\/cubettidesign.com\/de\/wp-json\/wp\/v2\/media\/1879"}],"wp:attachment":[{"href":"https:\/\/cubettidesign.com\/de\/wp-json\/wp\/v2\/media?parent=1871"}],"curies":[{"name":"wp","href":"https:\/\/api.w.org\/{rel}","templated":true}]}}