{"id":1944,"date":"2020-01-09T11:52:05","date_gmt":"2020-01-09T09:52:05","guid":{"rendered":"https:\/\/cubettidesign.com\/product\/purpose\/"},"modified":"2026-02-11T23:39:51","modified_gmt":"2026-02-11T21:39:51","slug":"purpose","status":"publish","type":"product","link":"https:\/\/cubettidesign.com\/de\/product\/purpose\/","title":{"rendered":"Purpose"},"content":{"rendered":"<p>[et_pb_section fb_built=&#8220;1&#8243; admin_label=&#8220;Hero Section&#8220; _builder_version=&#8220;4.4.4&#8243; background_enable_image=&#8220;off&#8220; max_height=&#8220;100%&#8220; custom_padding=&#8220;0|0px|0px|0px&#8220;][et_pb_row _builder_version=&#8220;4.4.4&#8243; background_image=&#8220;https:\/\/cubettidesign.com\/wp-content\/uploads\/2020\/05\/Header2.png&#8220; width=&#8220;100%&#8220; max_width=&#8220;100%&#8220; max_height=&#8220;80%&#8220; custom_padding=&#8220;||76px|||&#8220;][et_pb_column type=&#8220;4_4&#8243; _builder_version=&#8220;4.4.4&#8243;][et_pb_divider show_divider=&#8220;off&#8220; _builder_version=&#8220;4.4.4&#8243; custom_margin=&#8220;50px||10px||false|false&#8220;][\/et_pb_divider][\/et_pb_column][\/et_pb_row][\/et_pb_section][et_pb_section fb_built=&#8220;1&#8243; _builder_version=&#8220;4.4.7&#8243; max_width_tablet=&#8220;&#8220; max_width_phone=&#8220;90%&#8220; max_width_last_edited=&#8220;on|phone&#8220; module_alignment=&#8220;center&#8220; custom_margin=&#8220;100px||||false|false&#8220; custom_padding=&#8220;0px||||false|false&#8220;][et_pb_row column_structure=&#8220;1_2,1_2&#8243; _builder_version=&#8220;3.25&#8243; background_size=&#8220;initial&#8220; background_position=&#8220;top_left&#8220; background_repeat=&#8220;repeat&#8220; width=&#8220;100%&#8220; custom_padding=&#8220;0px||||false|false&#8220;][et_pb_column type=&#8220;1_2&#8243; _builder_version=&#8220;3.25&#8243; custom_padding=&#8220;|||&#8220; custom_padding__hover=&#8220;|||&#8220;][et_pb_wc_gallery _builder_version=&#8220;4.4.7&#8243; pagination_text_color=&#8220;#ffffff&#8220; motion_trigger_start=&#8220;bottom&#8220;][\/et_pb_wc_gallery][\/et_pb_column][et_pb_column type=&#8220;1_2&#8243; _builder_version=&#8220;3.25&#8243; custom_padding=&#8220;|||&#8220; custom_padding__hover=&#8220;|||&#8220;][et_pb_wc_title _builder_version=&#8220;4.6.5&#8243; header_level=&#8220;h2&#8243; header_font=&#8220;Zilla Slab|300|||||||&#8220; header_text_color=&#8220;#768828&#8243; header_font_size=&#8220;35px&#8220;][\/et_pb_wc_title][et_pb_wc_description description_type=&#8220;description&#8220; _builder_version=&#8220;4.4.7&#8243; body_font=&#8220;Zilla Slab||||||||&#8220; body_text_color=&#8220;#433635&#8243; body_font_size=&#8220;18px&#8220;][\/et_pb_wc_description][et_pb_wc_additional_info show_title=&#8220;off&#8220; _builder_version=&#8220;4.4.7&#8243; body_font=&#8220;Zilla Slab||||||||&#8220; body_font_size=&#8220;15px&#8220; attribute_font=&#8220;|600|||||||&#8220; attribute_font_size=&#8220;15px&#8220;][\/et_pb_wc_additional_info][et_pb_button button_url=&#8220;https:\/\/cubettidesign.com\/nl\/contact\/&#8220; button_text=&#8220;ZUS\u00c4TZLICHE INFORMATIONEN ANFRAGEN&#8220; button_alignment=&#8220;center&#8220; _builder_version=&#8220;4.4.7&#8243; custom_button=&#8220;on&#8220; button_text_size=&#8220;20px&#8220; button_text_color=&#8220;#ffffff&#8220; button_bg_color=&#8220;#768828&#8243; button_border_width=&#8220;4px&#8220; button_border_color=&#8220;#768828&#8243; button_border_radius=&#8220;0px&#8220; button_font=&#8220;Barlow Condensed|300||on|||||&#8220; button_use_icon=&#8220;off&#8220; background_layout=&#8220;dark&#8220;][\/et_pb_button][\/et_pb_column][\/et_pb_row][et_pb_row _builder_version=&#8220;4.4.4&#8243; custom_margin=&#8220;100px||||false|false&#8220;][et_pb_column type=&#8220;4_4&#8243; _builder_version=&#8220;4.4.4&#8243;][et_pb_wc_related_products icon_hover_color=&#8220;#ffffff&#8220; hover_overlay_color=&#8220;rgba(118,136,40,0.63)&#8220; hover_icon=&#8220;%%53%%&#8220; _builder_version=&#8220;4.4.4&#8243; title_font=&#8220;|300|||||||&#8220; title_text_align=&#8220;center&#8220; title_text_color=&#8220;#768828&#8243; product_title_text_align=&#8220;center&#8220; product_title_text_color=&#8220;#433635&#8243; product_title_font_size=&#8220;20px&#8220;][\/et_pb_wc_related_products][\/et_pb_column][\/et_pb_row][\/et_pb_section][et_pb_section fb_built=&#8220;1&#8243; _builder_version=&#8220;4.4.7&#8243; custom_padding=&#8220;1px||0px|||&#8220; border_width_top=&#8220;1px&#8220; border_color_top=&#8220;rgba(118,136,40,0.45)&#8220; saved_tabs=&#8220;all&#8220;][et_pb_row column_structure=&#8220;1_5,1_5,1_5,1_5,1_5&#8243; disabled_on=&#8220;on|off|off&#8220; _builder_version=&#8220;4.4.7&#8243; width_tablet=&#8220;&#8220; width_phone=&#8220;auto&#8220; width_last_edited=&#8220;on|phone&#8220; max_width_tablet=&#8220;&#8220; max_width_phone=&#8220;&#8220; max_width_last_edited=&#8220;on|phone&#8220; custom_padding=&#8220;21px||2px||false|false&#8220; border_color_top=&#8220;rgba(118,136,40,0.7)&#8220;][et_pb_column type=&#8220;1_5&#8243; _builder_version=&#8220;4.4.4&#8243;][et_pb_text _builder_version=&#8220;4.4.7&#8243; text_font=&#8220;Barlow|300|||||||&#8220; text_text_color=&#8220;#000000&#8243; text_font_size=&#8220;13px&#8220; width=&#8220;75%&#8220; module_alignment=&#8220;right&#8220;]<\/p>\n<p style=\"text-align: right\"><span style=\"color: #000000\"><a href=\"https:\/\/www.facebook.com\/Cubetti-Design-100736288325750\/\" style=\"color: #000000\" target=\"_blank\" rel=\"noopener noreferrer\">Facebook<\/a><\/span><\/p>\n<p>[\/et_pb_text][\/et_pb_column][et_pb_column type=&#8220;1_5&#8243; _builder_version=&#8220;4.4.4&#8243;][et_pb_text _builder_version=&#8220;4.4.7&#8243; text_font=&#8220;Barlow|300|||||||&#8220; text_text_color=&#8220;#000000&#8243; text_font_size=&#8220;13px&#8220; width=&#8220;75%&#8220;]<\/p>\n<p style=\"text-align: center\">Instagram<\/p>\n<p>[\/et_pb_text][\/et_pb_column][et_pb_column type=&#8220;1_5&#8243; _builder_version=&#8220;4.4.4&#8243;][\/et_pb_column][et_pb_column type=&#8220;1_5&#8243; _builder_version=&#8220;4.4.4&#8243;][et_pb_text _builder_version=&#8220;4.4.7&#8243; text_font=&#8220;Barlow|300|||||||&#8220; text_text_color=&#8220;#000000&#8243; text_font_size=&#8220;13px&#8220; width=&#8220;100%&#8220;]<\/p>\n<p style=\"text-align: right\"><span style=\"color: #000000\"><a href=\"https:\/\/cubettidesign.com\/wp-content\/uploads\/2020\/06\/Algemene-voorwaarden-CUBETTI.pdf\" target=\"_blank\" rel=\"noopener noreferrer\" style=\"color: #000000\">Algemeine Gesch\u00e4ftsbedingungen<\/a><\/span><\/p>\n<p>[\/et_pb_text][\/et_pb_column][et_pb_column type=&#8220;1_5&#8243; _builder_version=&#8220;4.4.4&#8243;][et_pb_text _builder_version=&#8220;4.4.7&#8243; text_font=&#8220;Barlow|300|||||||&#8220; text_text_color=&#8220;#000000&#8243; text_font_size=&#8220;13px&#8220; module_alignment=&#8220;left&#8220;]<\/p>\n<p style=\"text-align: center\"><span style=\"color: #000000\"><a href=\"https:\/\/cubettidesign.com\/wp-content\/uploads\/2020\/06\/CUBETTI-Privacy-Verklaring.pdf\" style=\"color: #000000\" target=\"_blank\" rel=\"noopener noreferrer\">Datenschutz-Erkl\u00e4rung<\/a><\/span><\/p>\n<p>[\/et_pb_text][\/et_pb_column][\/et_pb_row][et_pb_row column_structure=&#8220;1_2,1_2&#8243; make_equal=&#8220;on&#8220; disabled_on=&#8220;off|on|on&#8220; _builder_version=&#8220;4.4.7&#8243; width_tablet=&#8220;&#8220; width_phone=&#8220;auto&#8220; width_last_edited=&#8220;on|phone&#8220; max_width_tablet=&#8220;&#8220; max_width_phone=&#8220;&#8220; max_width_last_edited=&#8220;on|phone&#8220; custom_padding=&#8220;21px||2px||false|false&#8220; border_color_top=&#8220;rgba(118,136,40,0.7)&#8220;][et_pb_column type=&#8220;1_2&#8243; _builder_version=&#8220;4.4.7&#8243;][et_pb_text _builder_version=&#8220;4.6.5&#8243; text_font=&#8220;Barlow|300|||||||&#8220; text_text_color=&#8220;#000000&#8243; text_font_size=&#8220;13px&#8220; module_alignment=&#8220;center&#8220;]<\/p>\n<p style=\"text-align: center\"><span style=\"color: #000000\"><a style=\"color: #000000\" href=\"https:\/\/www.facebook.com\/Cubetti-Design-100736288325750\/\" target=\"_blank\" rel=\"noopener noreferrer\">Facebook<\/a><\/span><\/p>\n<p>[\/et_pb_text][\/et_pb_column][et_pb_column type=&#8220;1_2&#8243; _builder_version=&#8220;4.4.4&#8243;][et_pb_text _builder_version=&#8220;4.4.7&#8243; text_font=&#8220;Barlow|300|||||||&#8220; text_text_color=&#8220;#000000&#8243; text_font_size=&#8220;13px&#8220;]<\/p>\n<p style=\"text-align: center\">Instagram<\/p>\n<p>[\/et_pb_text][et_pb_text _builder_version=&#8220;4.4.7&#8243; text_font=&#8220;Barlow|300|||||||&#8220; text_text_color=&#8220;#000000&#8243; text_font_size=&#8220;13px&#8220; module_alignment=&#8220;center&#8220;]<\/p>\n<p style=\"text-align: center\"><span style=\"color: #000000\"><a href=\"https:\/\/cubettidesign.com\/wp-content\/uploads\/2020\/06\/Algemene-voorwaarden-CUBETTI.pdf\" style=\"color: #000000\" target=\"_blank\" rel=\"noopener noreferrer\">Algemeine Gesch\u00e4ftsbedingungen<\/a><\/span><\/p>\n<p>[\/et_pb_text][et_pb_text _builder_version=&#8220;4.4.7&#8243; text_font=&#8220;Barlow|300|||||||&#8220; text_text_color=&#8220;#000000&#8243; text_font_size=&#8220;13px&#8220; module_alignment=&#8220;left&#8220;]<\/p>\n<p style=\"text-align: center\"><span style=\"color: #000000\"><a href=\"https:\/\/cubettidesign.com\/wp-content\/uploads\/2020\/06\/CUBETTI-Privacy-Verklaring.pdf\" style=\"color: #000000\" target=\"_blank\" rel=\"noopener noreferrer\">Datenschutz-Erkl\u00e4rung<\/a><\/span><\/p>\n<p>[\/et_pb_text][\/et_pb_column][\/et_pb_row][\/et_pb_section]<\/p>\n","protected":false},"excerpt":{"rendered":"<p>Genie\u00dfen Sie die Wunder der Natur in Ihrem Zuhause.<\/p>\n","protected":false},"featured_media":1948,"template":"","meta":{"_et_pb_use_builder":"on","_et_pb_old_content":"Die Natur schafft nichts ohne Zweck. Nichts hat es eilig und am Ende kommt alles zusammen. Genie\u00dfen Sie mit Purpose die Wunder der Natur in Ihrem Zuhause oder am Arbeitsplatz.","_et_gb_content_width":"","_monsterinsights_skip_tracking":false,"_monsterinsights_sitenote_active":false,"_monsterinsights_sitenote_note":"","_monsterinsights_sitenote_category":0,"_joinchat":[]},"product_brand":[],"product_cat":[57],"product_tag":[],"class_list":{"0":"post-1944","1":"product","2":"type-product","3":"status-publish","4":"has-post-thumbnail","6":"product_cat-finesse-de","8":"first","9":"outofstock","10":"shipping-taxable","11":"product-type-variable"},"yoast_head":"<!-- This site is optimized with the Yoast SEO plugin v27.4 - https:\/\/yoast.com\/product\/yoast-seo-wordpress\/ -->\n<title>Purpose | nat\u00fcrliche Wandverkleidung aus Holz | Cubetti Design<\/title>\n<meta name=\"description\" content=\"Genie\u00dfen Sie mit Purpose die Wunder der Natur in Ihrem Zuhause oder am Arbeitsplatz. Diese h\u00f6lzerne Wandverkleidung wird der Blickfang Ihres Interieurs sein.\" \/>\n<meta name=\"robots\" content=\"index, follow, max-snippet:-1, max-image-preview:large, max-video-preview:-1\" \/>\n<link rel=\"canonical\" href=\"https:\/\/cubettidesign.com\/de\/product\/purpose\/\" \/>\n<meta property=\"og:locale\" content=\"de_DE\" \/>\n<meta property=\"og:type\" content=\"article\" \/>\n<meta property=\"og:title\" content=\"Purpose | nat\u00fcrliche Wandverkleidung aus Holz | Cubetti Design\" \/>\n<meta property=\"og:description\" content=\"Genie\u00dfen Sie mit Purpose die Wunder der Natur in Ihrem Zuhause oder am Arbeitsplatz. Diese h\u00f6lzerne Wandverkleidung wird der Blickfang Ihres Interieurs sein.\" \/>\n<meta property=\"og:url\" content=\"https:\/\/cubettidesign.com\/de\/product\/purpose\/\" \/>\n<meta property=\"og:site_name\" content=\"Cubetti Design\" \/>\n<meta property=\"article:publisher\" content=\"https:\/\/www.facebook.com\/cubetti.design\" \/>\n<meta property=\"article:modified_time\" content=\"2026-02-11T21:39:51+00:00\" \/>\n<meta property=\"og:image\" content=\"https:\/\/cubettidesign.com\/wp-content\/uploads\/2020\/05\/Purpose.png\" \/>\n\t<meta property=\"og:image:width\" content=\"500\" \/>\n\t<meta property=\"og:image:height\" content=\"500\" \/>\n\t<meta property=\"og:image:type\" content=\"image\/png\" \/>\n<meta name=\"twitter:card\" content=\"summary_large_image\" \/>\n<meta name=\"twitter:label1\" content=\"Gesch\u00e4tzte Lesezeit\" \/>\n\t<meta name=\"twitter:data1\" content=\"4\u00a0Minuten\" \/>\n<script type=\"application\/ld+json\" class=\"yoast-schema-graph\">{\"@context\":\"https:\\\/\\\/schema.org\",\"@graph\":[{\"@type\":\"WebPage\",\"@id\":\"https:\\\/\\\/cubettidesign.com\\\/de\\\/product\\\/purpose\\\/\",\"url\":\"https:\\\/\\\/cubettidesign.com\\\/de\\\/product\\\/purpose\\\/\",\"name\":\"Purpose | nat\u00fcrliche Wandverkleidung aus Holz | Cubetti Design\",\"isPartOf\":{\"@id\":\"https:\\\/\\\/cubettidesign.com\\\/#website\"},\"primaryImageOfPage\":{\"@id\":\"https:\\\/\\\/cubettidesign.com\\\/de\\\/product\\\/purpose\\\/#primaryimage\"},\"image\":{\"@id\":\"https:\\\/\\\/cubettidesign.com\\\/de\\\/product\\\/purpose\\\/#primaryimage\"},\"thumbnailUrl\":\"https:\\\/\\\/cubettidesign.com\\\/wp-content\\\/uploads\\\/2020\\\/05\\\/Purpose.png\",\"datePublished\":\"2020-01-09T09:52:05+00:00\",\"dateModified\":\"2026-02-11T21:39:51+00:00\",\"description\":\"Genie\u00dfen Sie mit Purpose die Wunder der Natur in Ihrem Zuhause oder am Arbeitsplatz. Diese h\u00f6lzerne Wandverkleidung wird der Blickfang Ihres Interieurs sein.\",\"breadcrumb\":{\"@id\":\"https:\\\/\\\/cubettidesign.com\\\/de\\\/product\\\/purpose\\\/#breadcrumb\"},\"inLanguage\":\"de\",\"potentialAction\":[{\"@type\":\"ReadAction\",\"target\":[\"https:\\\/\\\/cubettidesign.com\\\/de\\\/product\\\/purpose\\\/\"]}]},{\"@type\":\"ImageObject\",\"inLanguage\":\"de\",\"@id\":\"https:\\\/\\\/cubettidesign.com\\\/de\\\/product\\\/purpose\\\/#primaryimage\",\"url\":\"https:\\\/\\\/cubettidesign.com\\\/wp-content\\\/uploads\\\/2020\\\/05\\\/Purpose.png\",\"contentUrl\":\"https:\\\/\\\/cubettidesign.com\\\/wp-content\\\/uploads\\\/2020\\\/05\\\/Purpose.png\",\"width\":500,\"height\":500,\"caption\":\"Cubetti Design | Wandverkleidung aus Holz | Purpose\"},{\"@type\":\"BreadcrumbList\",\"@id\":\"https:\\\/\\\/cubettidesign.com\\\/de\\\/product\\\/purpose\\\/#breadcrumb\",\"itemListElement\":[{\"@type\":\"ListItem\",\"position\":1,\"name\":\"Home\",\"item\":\"https:\\\/\\\/cubettidesign.com\\\/de\\\/\"},{\"@type\":\"ListItem\",\"position\":2,\"name\":\"Produkte\",\"item\":\"https:\\\/\\\/cubettidesign.com\\\/de\\\/shop\\\/\"},{\"@type\":\"ListItem\",\"position\":3,\"name\":\"Purpose\"}]},{\"@type\":\"WebSite\",\"@id\":\"https:\\\/\\\/cubettidesign.com\\\/#website\",\"url\":\"https:\\\/\\\/cubettidesign.com\\\/\",\"name\":\"Cubetti Design\",\"description\":\"We want people to admire nature again\",\"publisher\":{\"@id\":\"https:\\\/\\\/cubettidesign.com\\\/#organization\"},\"potentialAction\":[{\"@type\":\"SearchAction\",\"target\":{\"@type\":\"EntryPoint\",\"urlTemplate\":\"https:\\\/\\\/cubettidesign.com\\\/?s={search_term_string}\"},\"query-input\":{\"@type\":\"PropertyValueSpecification\",\"valueRequired\":true,\"valueName\":\"search_term_string\"}}],\"inLanguage\":\"de\"},{\"@type\":\"Organization\",\"@id\":\"https:\\\/\\\/cubettidesign.com\\\/#organization\",\"name\":\"Cubetti\",\"url\":\"https:\\\/\\\/cubettidesign.com\\\/\",\"logo\":{\"@type\":\"ImageObject\",\"inLanguage\":\"de\",\"@id\":\"https:\\\/\\\/cubettidesign.com\\\/#\\\/schema\\\/logo\\\/image\\\/\",\"url\":\"https:\\\/\\\/cubettidesign.com\\\/wp-content\\\/uploads\\\/2020\\\/05\\\/cropped-Cubetti_vignet_diap_RGB.jpg\",\"contentUrl\":\"https:\\\/\\\/cubettidesign.com\\\/wp-content\\\/uploads\\\/2020\\\/05\\\/cropped-Cubetti_vignet_diap_RGB.jpg\",\"width\":512,\"height\":512,\"caption\":\"Cubetti\"},\"image\":{\"@id\":\"https:\\\/\\\/cubettidesign.com\\\/#\\\/schema\\\/logo\\\/image\\\/\"},\"sameAs\":[\"https:\\\/\\\/www.facebook.com\\\/cubetti.design\",\"https:\\\/\\\/www.linkedin.com\\\/company\\\/cubetti\\\/\",\"https:\\\/\\\/nl.pinterest.com\\\/CubettiDesign\"]}]}<\/script>\n<!-- \/ Yoast SEO plugin. -->","yoast_head_json":{"title":"Purpose | nat\u00fcrliche Wandverkleidung aus Holz | Cubetti Design","description":"Genie\u00dfen Sie mit Purpose die Wunder der Natur in Ihrem Zuhause oder am Arbeitsplatz. Diese h\u00f6lzerne Wandverkleidung wird der Blickfang Ihres Interieurs sein.","robots":{"index":"index","follow":"follow","max-snippet":"max-snippet:-1","max-image-preview":"max-image-preview:large","max-video-preview":"max-video-preview:-1"},"canonical":"https:\/\/cubettidesign.com\/de\/product\/purpose\/","og_locale":"de_DE","og_type":"article","og_title":"Purpose | nat\u00fcrliche Wandverkleidung aus Holz | Cubetti Design","og_description":"Genie\u00dfen Sie mit Purpose die Wunder der Natur in Ihrem Zuhause oder am Arbeitsplatz. Diese h\u00f6lzerne Wandverkleidung wird der Blickfang Ihres Interieurs sein.","og_url":"https:\/\/cubettidesign.com\/de\/product\/purpose\/","og_site_name":"Cubetti Design","article_publisher":"https:\/\/www.facebook.com\/cubetti.design","article_modified_time":"2026-02-11T21:39:51+00:00","og_image":[{"width":500,"height":500,"url":"https:\/\/cubettidesign.com\/wp-content\/uploads\/2020\/05\/Purpose.png","type":"image\/png"}],"twitter_card":"summary_large_image","twitter_misc":{"Gesch\u00e4tzte Lesezeit":"4\u00a0Minuten"},"schema":{"@context":"https:\/\/schema.org","@graph":[{"@type":"WebPage","@id":"https:\/\/cubettidesign.com\/de\/product\/purpose\/","url":"https:\/\/cubettidesign.com\/de\/product\/purpose\/","name":"Purpose | nat\u00fcrliche Wandverkleidung aus Holz | Cubetti Design","isPartOf":{"@id":"https:\/\/cubettidesign.com\/#website"},"primaryImageOfPage":{"@id":"https:\/\/cubettidesign.com\/de\/product\/purpose\/#primaryimage"},"image":{"@id":"https:\/\/cubettidesign.com\/de\/product\/purpose\/#primaryimage"},"thumbnailUrl":"https:\/\/cubettidesign.com\/wp-content\/uploads\/2020\/05\/Purpose.png","datePublished":"2020-01-09T09:52:05+00:00","dateModified":"2026-02-11T21:39:51+00:00","description":"Genie\u00dfen Sie mit Purpose die Wunder der Natur in Ihrem Zuhause oder am Arbeitsplatz. Diese h\u00f6lzerne Wandverkleidung wird der Blickfang Ihres Interieurs sein.","breadcrumb":{"@id":"https:\/\/cubettidesign.com\/de\/product\/purpose\/#breadcrumb"},"inLanguage":"de","potentialAction":[{"@type":"ReadAction","target":["https:\/\/cubettidesign.com\/de\/product\/purpose\/"]}]},{"@type":"ImageObject","inLanguage":"de","@id":"https:\/\/cubettidesign.com\/de\/product\/purpose\/#primaryimage","url":"https:\/\/cubettidesign.com\/wp-content\/uploads\/2020\/05\/Purpose.png","contentUrl":"https:\/\/cubettidesign.com\/wp-content\/uploads\/2020\/05\/Purpose.png","width":500,"height":500,"caption":"Cubetti Design | Wandverkleidung aus Holz | Purpose"},{"@type":"BreadcrumbList","@id":"https:\/\/cubettidesign.com\/de\/product\/purpose\/#breadcrumb","itemListElement":[{"@type":"ListItem","position":1,"name":"Home","item":"https:\/\/cubettidesign.com\/de\/"},{"@type":"ListItem","position":2,"name":"Produkte","item":"https:\/\/cubettidesign.com\/de\/shop\/"},{"@type":"ListItem","position":3,"name":"Purpose"}]},{"@type":"WebSite","@id":"https:\/\/cubettidesign.com\/#website","url":"https:\/\/cubettidesign.com\/","name":"Cubetti Design","description":"We want people to admire nature again","publisher":{"@id":"https:\/\/cubettidesign.com\/#organization"},"potentialAction":[{"@type":"SearchAction","target":{"@type":"EntryPoint","urlTemplate":"https:\/\/cubettidesign.com\/?s={search_term_string}"},"query-input":{"@type":"PropertyValueSpecification","valueRequired":true,"valueName":"search_term_string"}}],"inLanguage":"de"},{"@type":"Organization","@id":"https:\/\/cubettidesign.com\/#organization","name":"Cubetti","url":"https:\/\/cubettidesign.com\/","logo":{"@type":"ImageObject","inLanguage":"de","@id":"https:\/\/cubettidesign.com\/#\/schema\/logo\/image\/","url":"https:\/\/cubettidesign.com\/wp-content\/uploads\/2020\/05\/cropped-Cubetti_vignet_diap_RGB.jpg","contentUrl":"https:\/\/cubettidesign.com\/wp-content\/uploads\/2020\/05\/cropped-Cubetti_vignet_diap_RGB.jpg","width":512,"height":512,"caption":"Cubetti"},"image":{"@id":"https:\/\/cubettidesign.com\/#\/schema\/logo\/image\/"},"sameAs":["https:\/\/www.facebook.com\/cubetti.design","https:\/\/www.linkedin.com\/company\/cubetti\/","https:\/\/nl.pinterest.com\/CubettiDesign"]}]}},"_links":{"self":[{"href":"https:\/\/cubettidesign.com\/de\/wp-json\/wp\/v2\/product\/1944","targetHints":{"allow":["GET"]}}],"collection":[{"href":"https:\/\/cubettidesign.com\/de\/wp-json\/wp\/v2\/product"}],"about":[{"href":"https:\/\/cubettidesign.com\/de\/wp-json\/wp\/v2\/types\/product"}],"wp:featuredmedia":[{"embeddable":true,"href":"https:\/\/cubettidesign.com\/de\/wp-json\/wp\/v2\/media\/1948"}],"wp:attachment":[{"href":"https:\/\/cubettidesign.com\/de\/wp-json\/wp\/v2\/media?parent=1944"}],"wp:term":[{"taxonomy":"product_brand","embeddable":true,"href":"https:\/\/cubettidesign.com\/de\/wp-json\/wp\/v2\/product_brand?post=1944"},{"taxonomy":"product_cat","embeddable":true,"href":"https:\/\/cubettidesign.com\/de\/wp-json\/wp\/v2\/product_cat?post=1944"},{"taxonomy":"product_tag","embeddable":true,"href":"https:\/\/cubettidesign.com\/de\/wp-json\/wp\/v2\/product_tag?post=1944"}],"curies":[{"name":"wp","href":"https:\/\/api.w.org\/{rel}","templated":true}]}}