{"id":247,"date":"2020-05-11T16:08:28","date_gmt":"2020-05-11T14:08:28","guid":{"rendered":"https:\/\/cubettidesign.com\/?page_id=247"},"modified":"2021-07-07T09:31:02","modified_gmt":"2021-07-07T07:31:02","slug":"onze-producten","status":"publish","type":"page","link":"https:\/\/cubettidesign.com\/nl\/onze-producten\/","title":{"rendered":"Onze producten"},"content":{"rendered":"<p>[et_pb_section fb_built=&#8221;1&#8243; admin_label=&#8221;Hero Section&#8221; _builder_version=&#8221;4.6.5&#8243; background_enable_image=&#8221;off&#8221; max_height=&#8221;100%&#8221; custom_padding=&#8221;0|0px|0px|0px&#8221;][et_pb_row _builder_version=&#8221;4.6.5&#8243; background_image=&#8221;https:\/\/cubettidesign.com\/wp-content\/uploads\/2020\/05\/Header2-1.png&#8221; width=&#8221;100%&#8221; max_width=&#8221;100%&#8221; max_height=&#8221;80%&#8221; custom_padding=&#8221;||76px|||&#8221;][et_pb_column type=&#8221;4_4&#8243; _builder_version=&#8221;4.4.4&#8243;][et_pb_divider show_divider=&#8221;off&#8221; _builder_version=&#8221;4.6.5&#8243; custom_margin=&#8221;50px||10px||false|false&#8221;][\/et_pb_divider][\/et_pb_column][\/et_pb_row][\/et_pb_section][et_pb_section fb_built=&#8221;1&#8243; admin_label=&#8221;Welcome &#038; About Us&#8221; _builder_version=&#8221;4.4.4&#8243; background_color=&#8221;#ffffff&#8221; custom_padding=&#8221;6.3%|0px|0%|0px||&#8221; hover_enabled=&#8221;0&#8243; sticky_enabled=&#8221;0&#8243;][et_pb_row _builder_version=&#8221;4.4.4&#8243; custom_padding=&#8221;||23px|||&#8221; animation_style=&#8221;fade&#8221;][et_pb_column type=&#8221;4_4&#8243; _builder_version=&#8221;3.25&#8243; custom_padding=&#8221;|||&#8221; custom_padding__hover=&#8221;|||&#8221;][et_pb_text _builder_version=&#8221;4.8.2&#8243; text_font=&#8221;Zilla Slab||||||||&#8221; text_text_color=&#8221;#433635&#8243; text_font_size=&#8221;18px&#8221; text_line_height=&#8221;1.8em&#8221; header_font=&#8221;Zilla Slab|300|||||||&#8221; header_text_color=&#8221;#768828&#8243; header_font_size=&#8221;35px&#8221; header_2_font=&#8221;Zilla Slab|300|||||||&#8221; header_2_text_color=&#8221;#768828&#8243; header_2_font_size=&#8221;35px&#8221; width=&#8221;60%&#8221; width_tablet=&#8221;&#8221; width_phone=&#8221;90%&#8221; width_last_edited=&#8221;on|phone&#8221; module_alignment=&#8221;center&#8221; custom_margin=&#8221;||73px||false|false&#8221;]<\/p>\n<h2 style=\"text-align: center;\">Onze producten<\/h2>\n<p>&nbsp;<\/p>\n<p style=\"text-align: left;\">Ontdek de producten van Cubetti. Ieder stukje hout vertelt zijn eigen verhaal. Wij leveren 27 producten in 4 verschillende vormen en 10 natuurtinten.<\/p>\n<p style=\"text-align: left;\">Onze wandbekleding is gemaakt van stevig resthout en worden voorzien van eco-vriendelijke oliewax. Bij levering zijn alle producten klaar voor installatie en is er geen aanvullende behandeling nodig.<\/p>\n<p>[\/et_pb_text][et_pb_button button_url=&#8221;https:\/\/cubettidesign.com\/nl\/contact\/&#8221; button_text=&#8221;NEEM CONTACT OP VOOR PERSOONLIJK ADVIES&#8221; button_alignment=&#8221;center&#8221; _builder_version=&#8221;4.4.7&#8243; custom_button=&#8221;on&#8221; button_text_size=&#8221;20px&#8221; button_text_color=&#8221;#ffffff&#8221; button_bg_color=&#8221;#768828&#8243; button_border_width=&#8221;4px&#8221; button_border_color=&#8221;#768828&#8243; button_border_radius=&#8221;0px&#8221; button_font=&#8221;Barlow Condensed|300||on|||||&#8221; button_use_icon=&#8221;off&#8221; background_layout=&#8221;dark&#8221; custom_margin=&#8221;-8px|||||&#8221;][\/et_pb_button][\/et_pb_column][\/et_pb_row][\/et_pb_section][et_pb_section fb_built=&#8221;1&#8243; admin_label=&#8221;Producten&#8221; _builder_version=&#8221;4.9.4&#8243; custom_padding=&#8221;55px|0px|100px|0px||&#8221; hover_enabled=&#8221;0&#8243; sticky_enabled=&#8221;0&#8243;][et_pb_row use_custom_gutter=&#8221;on&#8221; admin_label=&#8221;Producten&#8221; _builder_version=&#8221;4.8.2&#8243;][et_pb_column type=&#8221;4_4&#8243; _builder_version=&#8221;3.25&#8243; custom_padding=&#8221;|||&#8221; custom_padding__hover=&#8221;|||&#8221;][et_pb_shop type=&#8221;product_category&#8221; posts_number=&#8221;27&#8243; columns_number=&#8221;3&#8243; icon_hover_color=&#8221;#ffffff&#8221; hover_overlay_color=&#8221;rgba(118,136,40,0.63)&#8221; hover_icon=&#8221;%%53%%&#8221; _builder_version=&#8221;4.9.4&#8243; title_font=&#8221;Zilla Slab|300|||||||&#8221; title_text_align=&#8221;center&#8221; title_text_color=&#8221;#433635&#8243; title_font_size=&#8221;25px&#8221; text_orientation=&#8221;center&#8221; hover_enabled=&#8221;0&#8243; sticky_enabled=&#8221;0&#8243;][\/et_pb_shop][\/et_pb_column][\/et_pb_row][\/et_pb_section][et_pb_section fb_built=&#8221;1&#8243; disabled_on=&#8221;off|off|off&#8221; admin_label=&#8221;Advice Section&#8221; _builder_version=&#8221;4.4.4&#8243; custom_padding=&#8221;22px|0px|100px|0px||&#8221;][et_pb_row admin_label=&#8221;Section Header Row&#8221; _builder_version=&#8221;3.25&#8243;][et_pb_column type=&#8221;4_4&#8243; _builder_version=&#8221;3.25&#8243; custom_padding=&#8221;|||&#8221; custom_padding__hover=&#8221;|||&#8221;][et_pb_text admin_label=&#8221;Tekst&#8221; _builder_version=&#8221;4.6.5&#8243; text_font=&#8221;Zilla Slab||||||||&#8221; text_text_color=&#8221;#433635&#8243; text_font_size=&#8221;18px&#8221; text_line_height=&#8221;1.8em&#8221; header_font=&#8221;Zilla Slab|300|||||||&#8221; header_text_color=&#8221;#768828&#8243; header_font_size=&#8221;35px&#8221; header_2_font=&#8221;Zilla Slab|300|||||||&#8221; header_2_text_color=&#8221;#768828&#8243; header_2_font_size=&#8221;35px&#8221; width=&#8221;60%&#8221; width_tablet=&#8221;&#8221; width_phone=&#8221;90%&#8221; width_last_edited=&#8221;on|phone&#8221; module_alignment=&#8221;center&#8221; custom_margin=&#8221;||||false|false&#8221;]<\/p>\n<h2 style=\"text-align: center;\">Hoe zijn deze producten te gebruiken?<\/h2>\n<p>[\/et_pb_text][\/et_pb_column][\/et_pb_row][et_pb_row column_structure=&#8221;1_2,1_2&#8243; _builder_version=&#8221;4.4.7&#8243;][et_pb_column type=&#8221;1_2&#8243; _builder_version=&#8221;4.4.4&#8243;][et_pb_text admin_label=&#8221;Tekst&#8221; _builder_version=&#8221;4.6.5&#8243; text_font=&#8221;Zilla Slab||||||||&#8221; text_text_color=&#8221;#433635&#8243; text_font_size=&#8221;18px&#8221; text_line_height=&#8221;1.8em&#8221; header_font=&#8221;Zilla Slab|300|||||||&#8221; header_text_color=&#8221;#768828&#8243; header_font_size=&#8221;35px&#8221; width_tablet=&#8221;&#8221; width_phone=&#8221;90%&#8221; width_last_edited=&#8221;on|phone&#8221; module_alignment=&#8221;center&#8221; custom_margin=&#8221;||||false|false&#8221;]<\/p>\n<p>De houten wandbekleding van Cubetti is verkrijgbaar in panelen van 270 x 540 mm of 158 x 440 mm groot, afhankelijk van het soort product. Hierdoor is het mogelijk om snel flinke wandoppervlakken te bedekken. De moza\u00efeken panelen zijn aan de achterzijde voorzien van fiberglass mesh, waardoor ze gemakkelijk op een ondergrond te lijmen zijn. In de afbeeldingen hieronder is stapsgewijs te zien hoe de houten panelen vastgelijmd dienen te worden. Dankzij de moza\u00efeken vormen vallen de panelen mooi in \u00e9\u00e9n geheel en zijn de grenzen tussen de panelen na een juiste bevestiging onzichtbaar. De moza\u00efeken panelen zijn perfect op maat te maken, omdat de blokjes op een mesh backing verlijmd zijn. De blokjes kunnen hierdoor met behulp van een stanleymesje gemakkelijk los worden gemaakt van elkaar. Raadpleeg voor meer technische informatie onze installatie-handleiding. Neem <a href=\"https:\/\/cubettidesign.com\/nl\/contact\/\">contact<\/a> op om deze handleiding op te vragen.<\/p>\n<p>[\/et_pb_text][\/et_pb_column][et_pb_column type=&#8221;1_2&#8243; _builder_version=&#8221;4.4.4&#8243;][et_pb_image src=&#8221;https:\/\/cubettidesign.com\/wp-content\/uploads\/2020\/06\/Backing.png&#8221; title_text=&#8221;Backing&#8221; align=&#8221;right&#8221; _builder_version=&#8221;4.4.7&#8243; custom_margin=&#8221;57px||||false|false&#8221;][\/et_pb_image][\/et_pb_column][\/et_pb_row][et_pb_row column_structure=&#8221;1_4,1_4,1_4,1_4&#8243; _builder_version=&#8221;4.4.4&#8243;][et_pb_column type=&#8221;1_4&#8243; _builder_version=&#8221;4.4.4&#8243;][et_pb_image src=&#8221;https:\/\/cubettidesign.com\/wp-content\/uploads\/2020\/05\/WIP1.png&#8221; title_text=&#8221;WIP1&#8243; align=&#8221;center&#8221; _builder_version=&#8221;4.6.5&#8243;][\/et_pb_image][\/et_pb_column][et_pb_column type=&#8221;1_4&#8243; _builder_version=&#8221;4.4.4&#8243;][et_pb_image src=&#8221;https:\/\/cubettidesign.com\/wp-content\/uploads\/2020\/05\/WIP2.png&#8221; title_text=&#8221;WIP2&#8243; align=&#8221;center&#8221; _builder_version=&#8221;4.4.4&#8243;][\/et_pb_image][\/et_pb_column][et_pb_column type=&#8221;1_4&#8243; _builder_version=&#8221;4.4.4&#8243;][et_pb_image src=&#8221;https:\/\/cubettidesign.com\/wp-content\/uploads\/2020\/05\/WIP3.png&#8221; title_text=&#8221;WIP3&#8243; align=&#8221;center&#8221; _builder_version=&#8221;4.4.4&#8243;][\/et_pb_image][\/et_pb_column][et_pb_column type=&#8221;1_4&#8243; _builder_version=&#8221;4.4.4&#8243;][et_pb_image src=&#8221;https:\/\/cubettidesign.com\/wp-content\/uploads\/2020\/05\/WIP4.png&#8221; title_text=&#8221;WIP4&#8243; align=&#8221;center&#8221; admin_label=&#8221;Afbeelding&#8221; _builder_version=&#8221;4.4.4&#8243;][\/et_pb_image][\/et_pb_column][\/et_pb_row][\/et_pb_section][et_pb_section fb_built=&#8221;1&#8243; _builder_version=&#8221;4.4.7&#8243; custom_padding=&#8221;1px||0px|||&#8221; border_width_top=&#8221;1px&#8221; border_color_top=&#8221;rgba(118,136,40,0.45)&#8221; global_module=&#8221;338&#8243; saved_tabs=&#8221;all&#8221;][et_pb_row column_structure=&#8221;1_5,1_5,1_5,1_5,1_5&#8243; disabled_on=&#8221;on|off|off&#8221; _builder_version=&#8221;4.4.7&#8243; width_tablet=&#8221;&#8221; width_phone=&#8221;auto&#8221; width_last_edited=&#8221;on|phone&#8221; max_width_tablet=&#8221;&#8221; max_width_phone=&#8221;&#8221; max_width_last_edited=&#8221;on|phone&#8221; custom_padding=&#8221;21px||2px||false|false&#8221; border_color_top=&#8221;rgba(118,136,40,0.7)&#8221;][et_pb_column type=&#8221;1_5&#8243; _builder_version=&#8221;4.4.4&#8243;][et_pb_text _builder_version=&#8221;4.4.7&#8243; text_font=&#8221;Barlow|300|||||||&#8221; text_text_color=&#8221;#000000&#8243; text_font_size=&#8221;13px&#8221; width=&#8221;75%&#8221; module_alignment=&#8221;right&#8221;]<\/p>\n<p style=\"text-align: right;\"><span style=\"color: #000000;\"><a href=\"https:\/\/www.facebook.com\/Cubetti-Design-100736288325750\/\" style=\"color: #000000;\" target=\"_blank\" rel=\"noopener noreferrer\">Facebook<\/a><\/span><\/p>\n<p>[\/et_pb_text][\/et_pb_column][et_pb_column type=&#8221;1_5&#8243; _builder_version=&#8221;4.4.4&#8243;][et_pb_text _builder_version=&#8221;4.4.7&#8243; text_font=&#8221;Barlow|300|||||||&#8221; text_text_color=&#8221;#000000&#8243; text_font_size=&#8221;13px&#8221; width=&#8221;75%&#8221;]<\/p>\n<p style=\"text-align: center;\"><span style=\"color: #000000;\"><a href=\"https:\/\/www.instagram.com\/cubetti.design\/\" style=\"color: #000000;\" target=\"_blank\" rel=\"noopener noreferrer\">Instagram<\/a><\/span><\/p>\n<p>[\/et_pb_text][\/et_pb_column][et_pb_column type=&#8221;1_5&#8243; _builder_version=&#8221;4.4.4&#8243;][\/et_pb_column][et_pb_column type=&#8221;1_5&#8243; _builder_version=&#8221;4.4.4&#8243;][et_pb_text _builder_version=&#8221;4.4.7&#8243; text_font=&#8221;Barlow|300|||||||&#8221; text_text_color=&#8221;#000000&#8243; text_font_size=&#8221;13px&#8221; width=&#8221;100%&#8221;]<\/p>\n<p style=\"text-align: right;\"><span style=\"color: #000000;\"><a href=\"https:\/\/cubettidesign.com\/wp-content\/uploads\/2020\/06\/Algemene-voorwaarden-CUBETTI.pdf\" target=\"_blank\" rel=\"noopener noreferrer\" style=\"color: #000000;\">Algemene voorwaarden<\/a><\/span><\/p>\n<p>[\/et_pb_text][\/et_pb_column][et_pb_column type=&#8221;1_5&#8243; _builder_version=&#8221;4.4.4&#8243;][et_pb_text _builder_version=&#8221;4.4.7&#8243; text_font=&#8221;Barlow|300|||||||&#8221; text_text_color=&#8221;#000000&#8243; text_font_size=&#8221;13px&#8221; module_alignment=&#8221;left&#8221;]<\/p>\n<p style=\"text-align: center;\"><span style=\"color: #000000;\"><a href=\"https:\/\/cubettidesign.com\/wp-content\/uploads\/2020\/06\/CUBETTI-Privacy-Verklaring.pdf\" style=\"color: #000000;\" target=\"_blank\" rel=\"noopener noreferrer\">Privacyverklaring<\/a><\/span><\/p>\n<p>[\/et_pb_text][\/et_pb_column][\/et_pb_row][et_pb_row column_structure=&#8221;1_2,1_2&#8243; make_equal=&#8221;on&#8221; disabled_on=&#8221;off|on|on&#8221; _builder_version=&#8221;4.4.7&#8243; width_tablet=&#8221;&#8221; width_phone=&#8221;auto&#8221; width_last_edited=&#8221;on|phone&#8221; max_width_tablet=&#8221;&#8221; max_width_phone=&#8221;&#8221; max_width_last_edited=&#8221;on|phone&#8221; custom_padding=&#8221;21px||2px||false|false&#8221; border_color_top=&#8221;rgba(118,136,40,0.7)&#8221;][et_pb_column type=&#8221;1_2&#8243; _builder_version=&#8221;4.4.7&#8243;][et_pb_text _builder_version=&#8221;4.6.5&#8243; text_font=&#8221;Barlow|300|||||||&#8221; text_text_color=&#8221;#000000&#8243; text_font_size=&#8221;13px&#8221; module_alignment=&#8221;center&#8221;]<\/p>\n<p style=\"text-align: center;\"><span style=\"color: #000000;\"><a style=\"color: #000000;\" href=\"https:\/\/www.facebook.com\/Cubetti-Design-100736288325750\/\" target=\"_blank\" rel=\"noopener noreferrer\">Facebook<\/a><\/span><\/p>\n<p>[\/et_pb_text][\/et_pb_column][et_pb_column type=&#8221;1_2&#8243; _builder_version=&#8221;4.4.4&#8243;][et_pb_text _builder_version=&#8221;4.4.7&#8243; text_font=&#8221;Barlow|300|||||||&#8221; text_text_color=&#8221;#000000&#8243; text_font_size=&#8221;13px&#8221;]<\/p>\n<p style=\"text-align: center;\"><span style=\"color: #000000;\"><a href=\"https:\/\/www.instagram.com\/cubetti.design\/\" style=\"color: #000000;\" target=\"_blank\" rel=\"noopener noreferrer\">Instagram<\/a><\/span><\/p>\n<p>[\/et_pb_text][et_pb_text _builder_version=&#8221;4.4.7&#8243; text_font=&#8221;Barlow|300|||||||&#8221; text_text_color=&#8221;#000000&#8243; text_font_size=&#8221;13px&#8221; module_alignment=&#8221;center&#8221;]<\/p>\n<p style=\"text-align: center;\"><span style=\"color: #000000;\"><a href=\"https:\/\/cubettidesign.com\/wp-content\/uploads\/2020\/06\/Algemene-voorwaarden-CUBETTI.pdf\" style=\"color: #000000;\" target=\"_blank\" rel=\"noopener noreferrer\">Algemene voorwaarden<\/a><\/span><\/p>\n<p>[\/et_pb_text][et_pb_text _builder_version=&#8221;4.4.7&#8243; text_font=&#8221;Barlow|300|||||||&#8221; text_text_color=&#8221;#000000&#8243; text_font_size=&#8221;13px&#8221; module_alignment=&#8221;left&#8221;]<\/p>\n<p style=\"text-align: center;\"><span style=\"color: #000000;\"><a href=\"https:\/\/cubettidesign.com\/wp-content\/uploads\/2020\/06\/CUBETTI-Privacy-Verklaring.pdf\" style=\"color: #000000;\" target=\"_blank\" rel=\"noopener noreferrer\">Privacyverklaring<\/a><\/span><\/p>\n<p>[\/et_pb_text][\/et_pb_column][\/et_pb_row][\/et_pb_section]<\/p>\n","protected":false},"excerpt":{"rendered":"<p>Onze producten &nbsp; Ontdek de producten van Cubetti. Ieder stukje hout vertelt zijn eigen verhaal. Wij leveren 27 producten in 4 verschillende vormen en 10 natuurtinten. Onze wandbekleding is gemaakt van stevig resthout en worden voorzien van eco-vriendelijke oliewax. Bij levering zijn alle producten klaar voor installatie en is er geen aanvullende behandeling nodig.Hoe zijn [&hellip;]<\/p>\n","protected":false},"author":2,"featured_media":1257,"parent":0,"menu_order":0,"comment_status":"closed","ping_status":"closed","template":"","meta":{"_et_pb_use_builder":"on","_et_pb_old_content":"","_et_gb_content_width":"","_monsterinsights_skip_tracking":false,"_monsterinsights_sitenote_active":false,"_monsterinsights_sitenote_note":"","_monsterinsights_sitenote_category":0,"_joinchat":[],"footnotes":""},"class_list":["post-247","page","type-page","status-publish","has-post-thumbnail","hentry"],"yoast_head":"<!-- This site is optimized with the Yoast SEO plugin v27.4 - https:\/\/yoast.com\/product\/yoast-seo-wordpress\/ -->\n<title>Onze producten | houten wandbekleding | Cubetti Design<\/title>\n<meta name=\"description\" content=\"Ontdek onze producten: de natuurlijke wandbekleding van Cubetti. Wij leveren 19 producten in 4 verschillende vormen en 10 natuurtinten.\" \/>\n<meta name=\"robots\" content=\"index, follow, max-snippet:-1, max-image-preview:large, max-video-preview:-1\" \/>\n<link rel=\"canonical\" href=\"https:\/\/cubettidesign.com\/nl\/onze-producten\/\" \/>\n<meta property=\"og:locale\" content=\"nl_NL\" \/>\n<meta property=\"og:type\" content=\"article\" \/>\n<meta property=\"og:title\" content=\"Onze producten | houten wandbekleding | Cubetti Design\" \/>\n<meta property=\"og:description\" content=\"Ontdek onze producten: de natuurlijke wandbekleding van Cubetti. Wij leveren 19 producten in 4 verschillende vormen en 10 natuurtinten.\" \/>\n<meta property=\"og:url\" content=\"https:\/\/cubettidesign.com\/nl\/onze-producten\/\" \/>\n<meta property=\"og:site_name\" content=\"Cubetti Design\" \/>\n<meta property=\"article:publisher\" content=\"https:\/\/www.facebook.com\/cubetti.design\" \/>\n<meta property=\"article:modified_time\" content=\"2021-07-07T07:31:02+00:00\" \/>\n<meta property=\"og:image\" content=\"https:\/\/cubettidesign.com\/wp-content\/uploads\/2020\/05\/Pure2.png\" \/>\n\t<meta property=\"og:image:width\" content=\"500\" \/>\n\t<meta property=\"og:image:height\" content=\"500\" \/>\n\t<meta property=\"og:image:type\" content=\"image\/png\" \/>\n<meta name=\"twitter:card\" content=\"summary_large_image\" \/>\n<meta name=\"twitter:label1\" content=\"Geschatte leestijd\" \/>\n\t<meta name=\"twitter:data1\" content=\"6 minuten\" \/>\n<script type=\"application\/ld+json\" class=\"yoast-schema-graph\">{\"@context\":\"https:\\\/\\\/schema.org\",\"@graph\":[{\"@type\":\"WebPage\",\"@id\":\"https:\\\/\\\/cubettidesign.com\\\/nl\\\/onze-producten\\\/\",\"url\":\"https:\\\/\\\/cubettidesign.com\\\/nl\\\/onze-producten\\\/\",\"name\":\"Onze producten | houten wandbekleding | Cubetti Design\",\"isPartOf\":{\"@id\":\"https:\\\/\\\/cubettidesign.com\\\/#website\"},\"primaryImageOfPage\":{\"@id\":\"https:\\\/\\\/cubettidesign.com\\\/nl\\\/onze-producten\\\/#primaryimage\"},\"image\":{\"@id\":\"https:\\\/\\\/cubettidesign.com\\\/nl\\\/onze-producten\\\/#primaryimage\"},\"thumbnailUrl\":\"https:\\\/\\\/cubettidesign.com\\\/wp-content\\\/uploads\\\/2020\\\/05\\\/Pure2.png\",\"datePublished\":\"2020-05-11T14:08:28+00:00\",\"dateModified\":\"2021-07-07T07:31:02+00:00\",\"description\":\"Ontdek onze producten: de natuurlijke wandbekleding van Cubetti. Wij leveren 19 producten in 4 verschillende vormen en 10 natuurtinten.\",\"breadcrumb\":{\"@id\":\"https:\\\/\\\/cubettidesign.com\\\/nl\\\/onze-producten\\\/#breadcrumb\"},\"inLanguage\":\"nl-NL\",\"potentialAction\":[{\"@type\":\"ReadAction\",\"target\":[\"https:\\\/\\\/cubettidesign.com\\\/nl\\\/onze-producten\\\/\"]}]},{\"@type\":\"ImageObject\",\"inLanguage\":\"nl-NL\",\"@id\":\"https:\\\/\\\/cubettidesign.com\\\/nl\\\/onze-producten\\\/#primaryimage\",\"url\":\"https:\\\/\\\/cubettidesign.com\\\/wp-content\\\/uploads\\\/2020\\\/05\\\/Pure2.png\",\"contentUrl\":\"https:\\\/\\\/cubettidesign.com\\\/wp-content\\\/uploads\\\/2020\\\/05\\\/Pure2.png\",\"width\":500,\"height\":500,\"caption\":\"Cubetti Design | Houten wandbekleding | Pure\"},{\"@type\":\"BreadcrumbList\",\"@id\":\"https:\\\/\\\/cubettidesign.com\\\/nl\\\/onze-producten\\\/#breadcrumb\",\"itemListElement\":[{\"@type\":\"ListItem\",\"position\":1,\"name\":\"Home\",\"item\":\"https:\\\/\\\/cubettidesign.com\\\/nl\\\/\"},{\"@type\":\"ListItem\",\"position\":2,\"name\":\"Onze producten\"}]},{\"@type\":\"WebSite\",\"@id\":\"https:\\\/\\\/cubettidesign.com\\\/#website\",\"url\":\"https:\\\/\\\/cubettidesign.com\\\/\",\"name\":\"Cubetti Design\",\"description\":\"We want people to admire nature again\",\"publisher\":{\"@id\":\"https:\\\/\\\/cubettidesign.com\\\/#organization\"},\"potentialAction\":[{\"@type\":\"SearchAction\",\"target\":{\"@type\":\"EntryPoint\",\"urlTemplate\":\"https:\\\/\\\/cubettidesign.com\\\/?s={search_term_string}\"},\"query-input\":{\"@type\":\"PropertyValueSpecification\",\"valueRequired\":true,\"valueName\":\"search_term_string\"}}],\"inLanguage\":\"nl-NL\"},{\"@type\":\"Organization\",\"@id\":\"https:\\\/\\\/cubettidesign.com\\\/#organization\",\"name\":\"Cubetti\",\"url\":\"https:\\\/\\\/cubettidesign.com\\\/\",\"logo\":{\"@type\":\"ImageObject\",\"inLanguage\":\"nl-NL\",\"@id\":\"https:\\\/\\\/cubettidesign.com\\\/#\\\/schema\\\/logo\\\/image\\\/\",\"url\":\"https:\\\/\\\/cubettidesign.com\\\/wp-content\\\/uploads\\\/2020\\\/05\\\/cropped-Cubetti_vignet_diap_RGB.jpg\",\"contentUrl\":\"https:\\\/\\\/cubettidesign.com\\\/wp-content\\\/uploads\\\/2020\\\/05\\\/cropped-Cubetti_vignet_diap_RGB.jpg\",\"width\":512,\"height\":512,\"caption\":\"Cubetti\"},\"image\":{\"@id\":\"https:\\\/\\\/cubettidesign.com\\\/#\\\/schema\\\/logo\\\/image\\\/\"},\"sameAs\":[\"https:\\\/\\\/www.facebook.com\\\/cubetti.design\",\"https:\\\/\\\/www.linkedin.com\\\/company\\\/cubetti\\\/\",\"https:\\\/\\\/nl.pinterest.com\\\/CubettiDesign\"]}]}<\/script>\n<!-- \/ Yoast SEO plugin. -->","yoast_head_json":{"title":"Onze producten | houten wandbekleding | Cubetti Design","description":"Ontdek onze producten: de natuurlijke wandbekleding van Cubetti. Wij leveren 19 producten in 4 verschillende vormen en 10 natuurtinten.","robots":{"index":"index","follow":"follow","max-snippet":"max-snippet:-1","max-image-preview":"max-image-preview:large","max-video-preview":"max-video-preview:-1"},"canonical":"https:\/\/cubettidesign.com\/nl\/onze-producten\/","og_locale":"nl_NL","og_type":"article","og_title":"Onze producten | houten wandbekleding | Cubetti Design","og_description":"Ontdek onze producten: de natuurlijke wandbekleding van Cubetti. Wij leveren 19 producten in 4 verschillende vormen en 10 natuurtinten.","og_url":"https:\/\/cubettidesign.com\/nl\/onze-producten\/","og_site_name":"Cubetti Design","article_publisher":"https:\/\/www.facebook.com\/cubetti.design","article_modified_time":"2021-07-07T07:31:02+00:00","og_image":[{"width":500,"height":500,"url":"https:\/\/cubettidesign.com\/wp-content\/uploads\/2020\/05\/Pure2.png","type":"image\/png"}],"twitter_card":"summary_large_image","twitter_misc":{"Geschatte leestijd":"6 minuten"},"schema":{"@context":"https:\/\/schema.org","@graph":[{"@type":"WebPage","@id":"https:\/\/cubettidesign.com\/nl\/onze-producten\/","url":"https:\/\/cubettidesign.com\/nl\/onze-producten\/","name":"Onze producten | houten wandbekleding | Cubetti Design","isPartOf":{"@id":"https:\/\/cubettidesign.com\/#website"},"primaryImageOfPage":{"@id":"https:\/\/cubettidesign.com\/nl\/onze-producten\/#primaryimage"},"image":{"@id":"https:\/\/cubettidesign.com\/nl\/onze-producten\/#primaryimage"},"thumbnailUrl":"https:\/\/cubettidesign.com\/wp-content\/uploads\/2020\/05\/Pure2.png","datePublished":"2020-05-11T14:08:28+00:00","dateModified":"2021-07-07T07:31:02+00:00","description":"Ontdek onze producten: de natuurlijke wandbekleding van Cubetti. Wij leveren 19 producten in 4 verschillende vormen en 10 natuurtinten.","breadcrumb":{"@id":"https:\/\/cubettidesign.com\/nl\/onze-producten\/#breadcrumb"},"inLanguage":"nl-NL","potentialAction":[{"@type":"ReadAction","target":["https:\/\/cubettidesign.com\/nl\/onze-producten\/"]}]},{"@type":"ImageObject","inLanguage":"nl-NL","@id":"https:\/\/cubettidesign.com\/nl\/onze-producten\/#primaryimage","url":"https:\/\/cubettidesign.com\/wp-content\/uploads\/2020\/05\/Pure2.png","contentUrl":"https:\/\/cubettidesign.com\/wp-content\/uploads\/2020\/05\/Pure2.png","width":500,"height":500,"caption":"Cubetti Design | Houten wandbekleding | Pure"},{"@type":"BreadcrumbList","@id":"https:\/\/cubettidesign.com\/nl\/onze-producten\/#breadcrumb","itemListElement":[{"@type":"ListItem","position":1,"name":"Home","item":"https:\/\/cubettidesign.com\/nl\/"},{"@type":"ListItem","position":2,"name":"Onze producten"}]},{"@type":"WebSite","@id":"https:\/\/cubettidesign.com\/#website","url":"https:\/\/cubettidesign.com\/","name":"Cubetti Design","description":"We want people to admire nature again","publisher":{"@id":"https:\/\/cubettidesign.com\/#organization"},"potentialAction":[{"@type":"SearchAction","target":{"@type":"EntryPoint","urlTemplate":"https:\/\/cubettidesign.com\/?s={search_term_string}"},"query-input":{"@type":"PropertyValueSpecification","valueRequired":true,"valueName":"search_term_string"}}],"inLanguage":"nl-NL"},{"@type":"Organization","@id":"https:\/\/cubettidesign.com\/#organization","name":"Cubetti","url":"https:\/\/cubettidesign.com\/","logo":{"@type":"ImageObject","inLanguage":"nl-NL","@id":"https:\/\/cubettidesign.com\/#\/schema\/logo\/image\/","url":"https:\/\/cubettidesign.com\/wp-content\/uploads\/2020\/05\/cropped-Cubetti_vignet_diap_RGB.jpg","contentUrl":"https:\/\/cubettidesign.com\/wp-content\/uploads\/2020\/05\/cropped-Cubetti_vignet_diap_RGB.jpg","width":512,"height":512,"caption":"Cubetti"},"image":{"@id":"https:\/\/cubettidesign.com\/#\/schema\/logo\/image\/"},"sameAs":["https:\/\/www.facebook.com\/cubetti.design","https:\/\/www.linkedin.com\/company\/cubetti\/","https:\/\/nl.pinterest.com\/CubettiDesign"]}]}},"_links":{"self":[{"href":"https:\/\/cubettidesign.com\/nl\/wp-json\/wp\/v2\/pages\/247","targetHints":{"allow":["GET"]}}],"collection":[{"href":"https:\/\/cubettidesign.com\/nl\/wp-json\/wp\/v2\/pages"}],"about":[{"href":"https:\/\/cubettidesign.com\/nl\/wp-json\/wp\/v2\/types\/page"}],"author":[{"embeddable":true,"href":"https:\/\/cubettidesign.com\/nl\/wp-json\/wp\/v2\/users\/2"}],"replies":[{"embeddable":true,"href":"https:\/\/cubettidesign.com\/nl\/wp-json\/wp\/v2\/comments?post=247"}],"version-history":[{"count":48,"href":"https:\/\/cubettidesign.com\/nl\/wp-json\/wp\/v2\/pages\/247\/revisions"}],"predecessor-version":[{"id":2604,"href":"https:\/\/cubettidesign.com\/nl\/wp-json\/wp\/v2\/pages\/247\/revisions\/2604"}],"wp:featuredmedia":[{"embeddable":true,"href":"https:\/\/cubettidesign.com\/nl\/wp-json\/wp\/v2\/media\/1257"}],"wp:attachment":[{"href":"https:\/\/cubettidesign.com\/nl\/wp-json\/wp\/v2\/media?parent=247"}],"curies":[{"name":"wp","href":"https:\/\/api.w.org\/{rel}","templated":true}]}}