{"id":847,"date":"2020-01-12T17:08:37","date_gmt":"2020-01-12T15:08:37","guid":{"rendered":"https:\/\/cubettidesign.com\/?post_type=product&#038;p=847"},"modified":"2026-02-11T23:30:26","modified_gmt":"2026-02-11T21:30:26","slug":"summer","status":"publish","type":"product","link":"https:\/\/cubettidesign.com\/nl\/product\/summer\/","title":{"rendered":"Summer"},"content":{"rendered":"<p>[et_pb_section fb_built=&#8221;1&#8243; admin_label=&#8221;Hero Section&#8221; _builder_version=&#8221;4.4.4&#8243; background_enable_image=&#8221;off&#8221; max_height=&#8221;100%&#8221; custom_padding=&#8221;0|0px|0px|0px&#8221;][et_pb_row _builder_version=&#8221;4.4.4&#8243; background_image=&#8221;https:\/\/cubettidesign.com\/wp-content\/uploads\/2020\/05\/Header2.png&#8221; width=&#8221;100%&#8221; max_width=&#8221;100%&#8221; max_height=&#8221;80%&#8221; custom_padding=&#8221;||76px|||&#8221;][et_pb_column type=&#8221;4_4&#8243; _builder_version=&#8221;4.4.4&#8243;][et_pb_divider show_divider=&#8221;off&#8221; _builder_version=&#8221;4.4.4&#8243; custom_margin=&#8221;50px||10px||false|false&#8221;][\/et_pb_divider][\/et_pb_column][\/et_pb_row][\/et_pb_section][et_pb_section fb_built=&#8221;1&#8243; _builder_version=&#8221;4.4.7&#8243; max_width_tablet=&#8221;&#8221; max_width_phone=&#8221;90%&#8221; max_width_last_edited=&#8221;on|phone&#8221; module_alignment=&#8221;center&#8221; custom_margin=&#8221;100px||||false|false&#8221; custom_padding=&#8221;0px||||false|false&#8221;][et_pb_row column_structure=&#8221;1_2,1_2&#8243; _builder_version=&#8221;3.25&#8243; background_size=&#8221;initial&#8221; background_position=&#8221;top_left&#8221; background_repeat=&#8221;repeat&#8221; width=&#8221;100%&#8221; custom_padding=&#8221;0px||||false|false&#8221;][et_pb_column type=&#8221;1_2&#8243; _builder_version=&#8221;3.25&#8243; custom_padding=&#8221;|||&#8221; custom_padding__hover=&#8221;|||&#8221;][et_pb_wc_gallery _builder_version=&#8221;4.4.7&#8243; pagination_text_color=&#8221;#ffffff&#8221; motion_trigger_start=&#8221;bottom&#8221;][\/et_pb_wc_gallery][\/et_pb_column][et_pb_column type=&#8221;1_2&#8243; _builder_version=&#8221;3.25&#8243; custom_padding=&#8221;|||&#8221; custom_padding__hover=&#8221;|||&#8221;][et_pb_wc_title _builder_version=&#8221;4.6.5&#8243; header_level=&#8221;h2&#8243; header_font=&#8221;Zilla Slab|300|||||||&#8221; header_text_color=&#8221;#768828&#8243; header_font_size=&#8221;35px&#8221;][\/et_pb_wc_title][et_pb_wc_description description_type=&#8221;description&#8221; _builder_version=&#8221;4.4.7&#8243; body_font=&#8221;Zilla Slab||||||||&#8221; body_text_color=&#8221;#433635&#8243; body_font_size=&#8221;18px&#8221;][\/et_pb_wc_description][et_pb_wc_additional_info show_title=&#8221;off&#8221; _builder_version=&#8221;4.4.7&#8243; body_font=&#8221;Zilla Slab||||||||&#8221; body_font_size=&#8221;15px&#8221; attribute_font=&#8221;|600|||||||&#8221; attribute_font_size=&#8221;15px&#8221;][\/et_pb_wc_additional_info][et_pb_button button_url=&#8221;https:\/\/cubettidesign.com\/nl\/contact\/&#8221; button_text=&#8221;AANVULLENDE INFORMATIE AANVRAGEN&#8221; button_alignment=&#8221;center&#8221; _builder_version=&#8221;4.4.7&#8243; custom_button=&#8221;on&#8221; button_text_size=&#8221;20px&#8221; button_text_color=&#8221;#ffffff&#8221; button_bg_color=&#8221;#768828&#8243; button_border_width=&#8221;4px&#8221; button_border_color=&#8221;#768828&#8243; button_border_radius=&#8221;0px&#8221; button_font=&#8221;Barlow Condensed|300||on|||||&#8221; button_use_icon=&#8221;off&#8221; background_layout=&#8221;dark&#8221;][\/et_pb_button][\/et_pb_column][\/et_pb_row][et_pb_row _builder_version=&#8221;4.4.4&#8243; custom_margin=&#8221;100px||||false|false&#8221;][et_pb_column type=&#8221;4_4&#8243; _builder_version=&#8221;4.4.4&#8243;][et_pb_wc_related_products icon_hover_color=&#8221;#ffffff&#8221; hover_overlay_color=&#8221;rgba(118,136,40,0.63)&#8221; hover_icon=&#8221;%%53%%&#8221; _builder_version=&#8221;4.4.4&#8243; title_font=&#8221;|300|||||||&#8221; title_text_align=&#8221;center&#8221; title_text_color=&#8221;#768828&#8243; product_title_text_align=&#8221;center&#8221; product_title_text_color=&#8221;#433635&#8243; product_title_font_size=&#8221;20px&#8221;][\/et_pb_wc_related_products][\/et_pb_column][\/et_pb_row][\/et_pb_section][et_pb_section fb_built=&#8221;1&#8243; _builder_version=&#8221;4.4.7&#8243; custom_padding=&#8221;1px||0px|||&#8221; border_width_top=&#8221;1px&#8221; border_color_top=&#8221;rgba(118,136,40,0.45)&#8221; global_module=&#8221;338&#8243; saved_tabs=&#8221;all&#8221;][et_pb_row column_structure=&#8221;1_5,1_5,1_5,1_5,1_5&#8243; disabled_on=&#8221;on|off|off&#8221; _builder_version=&#8221;4.4.7&#8243; width_tablet=&#8221;&#8221; width_phone=&#8221;auto&#8221; width_last_edited=&#8221;on|phone&#8221; max_width_tablet=&#8221;&#8221; max_width_phone=&#8221;&#8221; max_width_last_edited=&#8221;on|phone&#8221; custom_padding=&#8221;21px||2px||false|false&#8221; border_color_top=&#8221;rgba(118,136,40,0.7)&#8221;][et_pb_column type=&#8221;1_5&#8243; _builder_version=&#8221;4.4.4&#8243;][et_pb_text _builder_version=&#8221;4.4.7&#8243; text_font=&#8221;Barlow|300|||||||&#8221; text_text_color=&#8221;#000000&#8243; text_font_size=&#8221;13px&#8221; width=&#8221;75%&#8221; module_alignment=&#8221;right&#8221;]<\/p>\n<p style=\"text-align: right;\"><span style=\"color: #000000;\"><a href=\"https:\/\/www.facebook.com\/Cubetti-Design-100736288325750\/\" style=\"color: #000000;\" target=\"_blank\" rel=\"noopener noreferrer\">Facebook<\/a><\/span><\/p>\n<p>[\/et_pb_text][\/et_pb_column][et_pb_column type=&#8221;1_5&#8243; _builder_version=&#8221;4.4.4&#8243;][et_pb_text _builder_version=&#8221;4.4.7&#8243; text_font=&#8221;Barlow|300|||||||&#8221; text_text_color=&#8221;#000000&#8243; text_font_size=&#8221;13px&#8221; width=&#8221;75%&#8221;]<\/p>\n<p style=\"text-align: center;\"><span style=\"color: #000000;\"><a href=\"https:\/\/www.instagram.com\/cubetti.design\/\" style=\"color: #000000;\" target=\"_blank\" rel=\"noopener noreferrer\">Instagram<\/a><\/span><\/p>\n<p>[\/et_pb_text][\/et_pb_column][et_pb_column type=&#8221;1_5&#8243; _builder_version=&#8221;4.4.4&#8243;][\/et_pb_column][et_pb_column type=&#8221;1_5&#8243; _builder_version=&#8221;4.4.4&#8243;][et_pb_text _builder_version=&#8221;4.4.7&#8243; text_font=&#8221;Barlow|300|||||||&#8221; text_text_color=&#8221;#000000&#8243; text_font_size=&#8221;13px&#8221; width=&#8221;100%&#8221;]<\/p>\n<p style=\"text-align: right;\"><span style=\"color: #000000;\"><a href=\"https:\/\/cubettidesign.com\/wp-content\/uploads\/2020\/06\/Algemene-voorwaarden-CUBETTI.pdf\" target=\"_blank\" rel=\"noopener noreferrer\" style=\"color: #000000;\">Algemene voorwaarden<\/a><\/span><\/p>\n<p>[\/et_pb_text][\/et_pb_column][et_pb_column type=&#8221;1_5&#8243; _builder_version=&#8221;4.4.4&#8243;][et_pb_text _builder_version=&#8221;4.4.7&#8243; text_font=&#8221;Barlow|300|||||||&#8221; text_text_color=&#8221;#000000&#8243; text_font_size=&#8221;13px&#8221; module_alignment=&#8221;left&#8221;]<\/p>\n<p style=\"text-align: center;\"><span style=\"color: #000000;\"><a href=\"https:\/\/cubettidesign.com\/wp-content\/uploads\/2020\/06\/CUBETTI-Privacy-Verklaring.pdf\" style=\"color: #000000;\" target=\"_blank\" rel=\"noopener noreferrer\">Privacyverklaring<\/a><\/span><\/p>\n<p>[\/et_pb_text][\/et_pb_column][\/et_pb_row][et_pb_row column_structure=&#8221;1_2,1_2&#8243; make_equal=&#8221;on&#8221; disabled_on=&#8221;off|on|on&#8221; _builder_version=&#8221;4.4.7&#8243; width_tablet=&#8221;&#8221; width_phone=&#8221;auto&#8221; width_last_edited=&#8221;on|phone&#8221; max_width_tablet=&#8221;&#8221; max_width_phone=&#8221;&#8221; max_width_last_edited=&#8221;on|phone&#8221; custom_padding=&#8221;21px||2px||false|false&#8221; border_color_top=&#8221;rgba(118,136,40,0.7)&#8221;][et_pb_column type=&#8221;1_2&#8243; _builder_version=&#8221;4.4.7&#8243;][et_pb_text _builder_version=&#8221;4.6.5&#8243; text_font=&#8221;Barlow|300|||||||&#8221; text_text_color=&#8221;#000000&#8243; text_font_size=&#8221;13px&#8221; module_alignment=&#8221;center&#8221;]<\/p>\n<p style=\"text-align: center;\"><span style=\"color: #000000;\"><a style=\"color: #000000;\" href=\"https:\/\/www.facebook.com\/Cubetti-Design-100736288325750\/\" target=\"_blank\" rel=\"noopener noreferrer\">Facebook<\/a><\/span><\/p>\n<p>[\/et_pb_text][\/et_pb_column][et_pb_column type=&#8221;1_2&#8243; _builder_version=&#8221;4.4.4&#8243;][et_pb_text _builder_version=&#8221;4.4.7&#8243; text_font=&#8221;Barlow|300|||||||&#8221; text_text_color=&#8221;#000000&#8243; text_font_size=&#8221;13px&#8221;]<\/p>\n<p style=\"text-align: center;\"><span style=\"color: #000000;\"><a href=\"https:\/\/www.instagram.com\/cubetti.design\/\" style=\"color: #000000;\" target=\"_blank\" rel=\"noopener noreferrer\">Instagram<\/a><\/span><\/p>\n<p>[\/et_pb_text][et_pb_text _builder_version=&#8221;4.4.7&#8243; text_font=&#8221;Barlow|300|||||||&#8221; text_text_color=&#8221;#000000&#8243; text_font_size=&#8221;13px&#8221; module_alignment=&#8221;center&#8221;]<\/p>\n<p style=\"text-align: center;\"><span style=\"color: #000000;\"><a href=\"https:\/\/cubettidesign.com\/wp-content\/uploads\/2020\/06\/Algemene-voorwaarden-CUBETTI.pdf\" style=\"color: #000000;\" target=\"_blank\" rel=\"noopener noreferrer\">Algemene voorwaarden<\/a><\/span><\/p>\n<p>[\/et_pb_text][et_pb_text _builder_version=&#8221;4.4.7&#8243; text_font=&#8221;Barlow|300|||||||&#8221; text_text_color=&#8221;#000000&#8243; text_font_size=&#8221;13px&#8221; module_alignment=&#8221;left&#8221;]<\/p>\n<p style=\"text-align: center;\"><span style=\"color: #000000;\"><a href=\"https:\/\/cubettidesign.com\/wp-content\/uploads\/2020\/06\/CUBETTI-Privacy-Verklaring.pdf\" style=\"color: #000000;\" target=\"_blank\" rel=\"noopener noreferrer\">Privacyverklaring<\/a><\/span><\/p>\n<p>[\/et_pb_text][\/et_pb_column][\/et_pb_row][\/et_pb_section]<\/p>\n","protected":false},"excerpt":{"rendered":"<p>Neem het gelukzalige gevoel van een zomerse natuurwandeling mee naar binnen.<\/p>\n","protected":false},"featured_media":420,"template":"","meta":{"_et_pb_use_builder":"on","_et_pb_old_content":"Vergeet niet welke positieve invloeden buiten zijn hebben op de gezondheid van een mens. Neem het gelukzalige gevoel van een zomerse natuurwandeling mee naar binnen met Summer. De bijzondere texturen en unieke kleur voegen \u00e9\u00e9n en al positiviteit toe aan jouw interieur.","_et_gb_content_width":"","_monsterinsights_skip_tracking":false,"_monsterinsights_sitenote_active":false,"_monsterinsights_sitenote_note":"","_monsterinsights_sitenote_category":0,"_joinchat":[]},"product_brand":[],"product_cat":[26],"product_tag":[],"class_list":{"0":"post-847","1":"product","2":"type-product","3":"status-publish","4":"has-post-thumbnail","6":"product_cat-finesse","8":"first","9":"outofstock","10":"shipping-taxable","11":"product-type-variable"},"yoast_head":"<!-- This site is optimized with the Yoast SEO plugin v27.4 - https:\/\/yoast.com\/product\/yoast-seo-wordpress\/ -->\n<title>Summer | Houten moza\u00efeken wandbekleding | Cubetti Design<\/title>\n<meta name=\"description\" content=\"De bijzondere texturen van Summer voegen \u00e9\u00e9n en al positiviteit toe aan jouw interieur. Ga voor unieke, natuurlijke wandbekleding.\" \/>\n<meta name=\"robots\" content=\"index, follow, max-snippet:-1, max-image-preview:large, max-video-preview:-1\" \/>\n<link rel=\"canonical\" href=\"https:\/\/cubettidesign.com\/nl\/product\/summer\/\" \/>\n<meta property=\"og:locale\" content=\"nl_NL\" \/>\n<meta property=\"og:type\" content=\"article\" \/>\n<meta property=\"og:title\" content=\"Summer | Houten moza\u00efeken wandbekleding | Cubetti Design\" \/>\n<meta property=\"og:description\" content=\"De bijzondere texturen van Summer voegen \u00e9\u00e9n en al positiviteit toe aan jouw interieur. Ga voor unieke, natuurlijke wandbekleding.\" \/>\n<meta property=\"og:url\" content=\"https:\/\/cubettidesign.com\/nl\/product\/summer\/\" \/>\n<meta property=\"og:site_name\" content=\"Cubetti Design\" \/>\n<meta property=\"article:publisher\" content=\"https:\/\/www.facebook.com\/cubetti.design\" \/>\n<meta property=\"article:modified_time\" content=\"2026-02-11T21:30:26+00:00\" \/>\n<meta property=\"og:image\" content=\"https:\/\/cubettidesign.com\/wp-content\/uploads\/2020\/05\/Essence.png\" \/>\n\t<meta property=\"og:image:width\" content=\"500\" \/>\n\t<meta property=\"og:image:height\" content=\"500\" \/>\n\t<meta property=\"og:image:type\" content=\"image\/png\" \/>\n<meta name=\"twitter:card\" content=\"summary_large_image\" \/>\n<meta name=\"twitter:label1\" content=\"Geschatte leestijd\" \/>\n\t<meta name=\"twitter:data1\" content=\"4 minuten\" \/>\n<script type=\"application\/ld+json\" class=\"yoast-schema-graph\">{\"@context\":\"https:\\\/\\\/schema.org\",\"@graph\":[{\"@type\":\"WebPage\",\"@id\":\"https:\\\/\\\/cubettidesign.com\\\/nl\\\/product\\\/summer\\\/\",\"url\":\"https:\\\/\\\/cubettidesign.com\\\/nl\\\/product\\\/summer\\\/\",\"name\":\"Summer | Houten moza\u00efeken wandbekleding | Cubetti Design\",\"isPartOf\":{\"@id\":\"https:\\\/\\\/cubettidesign.com\\\/#website\"},\"primaryImageOfPage\":{\"@id\":\"https:\\\/\\\/cubettidesign.com\\\/nl\\\/product\\\/summer\\\/#primaryimage\"},\"image\":{\"@id\":\"https:\\\/\\\/cubettidesign.com\\\/nl\\\/product\\\/summer\\\/#primaryimage\"},\"thumbnailUrl\":\"https:\\\/\\\/cubettidesign.com\\\/wp-content\\\/uploads\\\/2020\\\/05\\\/Essence.png\",\"datePublished\":\"2020-01-12T15:08:37+00:00\",\"dateModified\":\"2026-02-11T21:30:26+00:00\",\"description\":\"De bijzondere texturen van Summer voegen \u00e9\u00e9n en al positiviteit toe aan jouw interieur. Ga voor unieke, natuurlijke wandbekleding.\",\"breadcrumb\":{\"@id\":\"https:\\\/\\\/cubettidesign.com\\\/nl\\\/product\\\/summer\\\/#breadcrumb\"},\"inLanguage\":\"nl-NL\",\"potentialAction\":[{\"@type\":\"ReadAction\",\"target\":[\"https:\\\/\\\/cubettidesign.com\\\/nl\\\/product\\\/summer\\\/\"]}]},{\"@type\":\"ImageObject\",\"inLanguage\":\"nl-NL\",\"@id\":\"https:\\\/\\\/cubettidesign.com\\\/nl\\\/product\\\/summer\\\/#primaryimage\",\"url\":\"https:\\\/\\\/cubettidesign.com\\\/wp-content\\\/uploads\\\/2020\\\/05\\\/Essence.png\",\"contentUrl\":\"https:\\\/\\\/cubettidesign.com\\\/wp-content\\\/uploads\\\/2020\\\/05\\\/Essence.png\",\"width\":500,\"height\":500,\"caption\":\"Cubetti Design | Houten wandbekleding | Essence\"},{\"@type\":\"BreadcrumbList\",\"@id\":\"https:\\\/\\\/cubettidesign.com\\\/nl\\\/product\\\/summer\\\/#breadcrumb\",\"itemListElement\":[{\"@type\":\"ListItem\",\"position\":1,\"name\":\"Home\",\"item\":\"https:\\\/\\\/cubettidesign.com\\\/nl\\\/\"},{\"@type\":\"ListItem\",\"position\":2,\"name\":\"Produkte\",\"item\":\"https:\\\/\\\/cubettidesign.com\\\/de\\\/shop\\\/\"},{\"@type\":\"ListItem\",\"position\":3,\"name\":\"Summer\"}]},{\"@type\":\"WebSite\",\"@id\":\"https:\\\/\\\/cubettidesign.com\\\/#website\",\"url\":\"https:\\\/\\\/cubettidesign.com\\\/\",\"name\":\"Cubetti Design\",\"description\":\"We want people to admire nature again\",\"publisher\":{\"@id\":\"https:\\\/\\\/cubettidesign.com\\\/#organization\"},\"potentialAction\":[{\"@type\":\"SearchAction\",\"target\":{\"@type\":\"EntryPoint\",\"urlTemplate\":\"https:\\\/\\\/cubettidesign.com\\\/?s={search_term_string}\"},\"query-input\":{\"@type\":\"PropertyValueSpecification\",\"valueRequired\":true,\"valueName\":\"search_term_string\"}}],\"inLanguage\":\"nl-NL\"},{\"@type\":\"Organization\",\"@id\":\"https:\\\/\\\/cubettidesign.com\\\/#organization\",\"name\":\"Cubetti\",\"url\":\"https:\\\/\\\/cubettidesign.com\\\/\",\"logo\":{\"@type\":\"ImageObject\",\"inLanguage\":\"nl-NL\",\"@id\":\"https:\\\/\\\/cubettidesign.com\\\/#\\\/schema\\\/logo\\\/image\\\/\",\"url\":\"https:\\\/\\\/cubettidesign.com\\\/wp-content\\\/uploads\\\/2020\\\/05\\\/cropped-Cubetti_vignet_diap_RGB.jpg\",\"contentUrl\":\"https:\\\/\\\/cubettidesign.com\\\/wp-content\\\/uploads\\\/2020\\\/05\\\/cropped-Cubetti_vignet_diap_RGB.jpg\",\"width\":512,\"height\":512,\"caption\":\"Cubetti\"},\"image\":{\"@id\":\"https:\\\/\\\/cubettidesign.com\\\/#\\\/schema\\\/logo\\\/image\\\/\"},\"sameAs\":[\"https:\\\/\\\/www.facebook.com\\\/cubetti.design\",\"https:\\\/\\\/www.linkedin.com\\\/company\\\/cubetti\\\/\",\"https:\\\/\\\/nl.pinterest.com\\\/CubettiDesign\"]}]}<\/script>\n<!-- \/ Yoast SEO plugin. -->","yoast_head_json":{"title":"Summer | Houten moza\u00efeken wandbekleding | Cubetti Design","description":"De bijzondere texturen van Summer voegen \u00e9\u00e9n en al positiviteit toe aan jouw interieur. Ga voor unieke, natuurlijke wandbekleding.","robots":{"index":"index","follow":"follow","max-snippet":"max-snippet:-1","max-image-preview":"max-image-preview:large","max-video-preview":"max-video-preview:-1"},"canonical":"https:\/\/cubettidesign.com\/nl\/product\/summer\/","og_locale":"nl_NL","og_type":"article","og_title":"Summer | Houten moza\u00efeken wandbekleding | Cubetti Design","og_description":"De bijzondere texturen van Summer voegen \u00e9\u00e9n en al positiviteit toe aan jouw interieur. Ga voor unieke, natuurlijke wandbekleding.","og_url":"https:\/\/cubettidesign.com\/nl\/product\/summer\/","og_site_name":"Cubetti Design","article_publisher":"https:\/\/www.facebook.com\/cubetti.design","article_modified_time":"2026-02-11T21:30:26+00:00","og_image":[{"width":500,"height":500,"url":"https:\/\/cubettidesign.com\/wp-content\/uploads\/2020\/05\/Essence.png","type":"image\/png"}],"twitter_card":"summary_large_image","twitter_misc":{"Geschatte leestijd":"4 minuten"},"schema":{"@context":"https:\/\/schema.org","@graph":[{"@type":"WebPage","@id":"https:\/\/cubettidesign.com\/nl\/product\/summer\/","url":"https:\/\/cubettidesign.com\/nl\/product\/summer\/","name":"Summer | Houten moza\u00efeken wandbekleding | Cubetti Design","isPartOf":{"@id":"https:\/\/cubettidesign.com\/#website"},"primaryImageOfPage":{"@id":"https:\/\/cubettidesign.com\/nl\/product\/summer\/#primaryimage"},"image":{"@id":"https:\/\/cubettidesign.com\/nl\/product\/summer\/#primaryimage"},"thumbnailUrl":"https:\/\/cubettidesign.com\/wp-content\/uploads\/2020\/05\/Essence.png","datePublished":"2020-01-12T15:08:37+00:00","dateModified":"2026-02-11T21:30:26+00:00","description":"De bijzondere texturen van Summer voegen \u00e9\u00e9n en al positiviteit toe aan jouw interieur. Ga voor unieke, natuurlijke wandbekleding.","breadcrumb":{"@id":"https:\/\/cubettidesign.com\/nl\/product\/summer\/#breadcrumb"},"inLanguage":"nl-NL","potentialAction":[{"@type":"ReadAction","target":["https:\/\/cubettidesign.com\/nl\/product\/summer\/"]}]},{"@type":"ImageObject","inLanguage":"nl-NL","@id":"https:\/\/cubettidesign.com\/nl\/product\/summer\/#primaryimage","url":"https:\/\/cubettidesign.com\/wp-content\/uploads\/2020\/05\/Essence.png","contentUrl":"https:\/\/cubettidesign.com\/wp-content\/uploads\/2020\/05\/Essence.png","width":500,"height":500,"caption":"Cubetti Design | Houten wandbekleding | Essence"},{"@type":"BreadcrumbList","@id":"https:\/\/cubettidesign.com\/nl\/product\/summer\/#breadcrumb","itemListElement":[{"@type":"ListItem","position":1,"name":"Home","item":"https:\/\/cubettidesign.com\/nl\/"},{"@type":"ListItem","position":2,"name":"Produkte","item":"https:\/\/cubettidesign.com\/de\/shop\/"},{"@type":"ListItem","position":3,"name":"Summer"}]},{"@type":"WebSite","@id":"https:\/\/cubettidesign.com\/#website","url":"https:\/\/cubettidesign.com\/","name":"Cubetti Design","description":"We want people to admire nature again","publisher":{"@id":"https:\/\/cubettidesign.com\/#organization"},"potentialAction":[{"@type":"SearchAction","target":{"@type":"EntryPoint","urlTemplate":"https:\/\/cubettidesign.com\/?s={search_term_string}"},"query-input":{"@type":"PropertyValueSpecification","valueRequired":true,"valueName":"search_term_string"}}],"inLanguage":"nl-NL"},{"@type":"Organization","@id":"https:\/\/cubettidesign.com\/#organization","name":"Cubetti","url":"https:\/\/cubettidesign.com\/","logo":{"@type":"ImageObject","inLanguage":"nl-NL","@id":"https:\/\/cubettidesign.com\/#\/schema\/logo\/image\/","url":"https:\/\/cubettidesign.com\/wp-content\/uploads\/2020\/05\/cropped-Cubetti_vignet_diap_RGB.jpg","contentUrl":"https:\/\/cubettidesign.com\/wp-content\/uploads\/2020\/05\/cropped-Cubetti_vignet_diap_RGB.jpg","width":512,"height":512,"caption":"Cubetti"},"image":{"@id":"https:\/\/cubettidesign.com\/#\/schema\/logo\/image\/"},"sameAs":["https:\/\/www.facebook.com\/cubetti.design","https:\/\/www.linkedin.com\/company\/cubetti\/","https:\/\/nl.pinterest.com\/CubettiDesign"]}]}},"_links":{"self":[{"href":"https:\/\/cubettidesign.com\/nl\/wp-json\/wp\/v2\/product\/847","targetHints":{"allow":["GET"]}}],"collection":[{"href":"https:\/\/cubettidesign.com\/nl\/wp-json\/wp\/v2\/product"}],"about":[{"href":"https:\/\/cubettidesign.com\/nl\/wp-json\/wp\/v2\/types\/product"}],"wp:featuredmedia":[{"embeddable":true,"href":"https:\/\/cubettidesign.com\/nl\/wp-json\/wp\/v2\/media\/420"}],"wp:attachment":[{"href":"https:\/\/cubettidesign.com\/nl\/wp-json\/wp\/v2\/media?parent=847"}],"wp:term":[{"taxonomy":"product_brand","embeddable":true,"href":"https:\/\/cubettidesign.com\/nl\/wp-json\/wp\/v2\/product_brand?post=847"},{"taxonomy":"product_cat","embeddable":true,"href":"https:\/\/cubettidesign.com\/nl\/wp-json\/wp\/v2\/product_cat?post=847"},{"taxonomy":"product_tag","embeddable":true,"href":"https:\/\/cubettidesign.com\/nl\/wp-json\/wp\/v2\/product_tag?post=847"}],"curies":[{"name":"wp","href":"https:\/\/api.w.org\/{rel}","templated":true}]}}